{"id":3412,"date":"2025-03-11T15:11:34","date_gmt":"2025-03-11T15:11:34","guid":{"rendered":"https:\/\/www.hotelpalladia.com\/?page_id=3412"},"modified":"2026-03-20T08:34:51","modified_gmt":"2026-03-20T08:34:51","slug":"recrutement","status":"publish","type":"page","link":"https:\/\/www.hotelpalladia.com\/en\/recrutement\/","title":{"rendered":"Recruitment"},"content":{"rendered":"<div data-elementor-type=\"wp-page\" data-elementor-id=\"3412\" class=\"elementor elementor-3412\" data-elementor-post-type=\"page\">\n\t\t\t\t<div class=\"elementor-element elementor-element-9463707 e-flex e-con-boxed e-con e-parent\" data-id=\"9463707\" data-element_type=\"container\" data-e-type=\"container\">\n\t\t\t\t\t<div class=\"e-con-inner\">\n\t\t\t\t<div class=\"elementor-element elementor-element-6a90c29 elementor-widget elementor-widget-heading\" data-id=\"6a90c29\" data-element_type=\"widget\" data-e-type=\"widget\" data-widget_type=\"heading.default\">\n\t\t\t\t<div class=\"elementor-widget-container\">\n\t\t\t\t\t<h1 class=\"elementor-heading-title elementor-size-default\">The Hotel Restaurant **** Palladia is recruiting! \ud83c\udf7d\ufe0f<\/h1>\t\t\t\t<\/div>\n\t\t\t\t<\/div>\n\t\t\t\t<div class=\"elementor-element elementor-element-aa56e24 elementor-widget elementor-widget-text-editor\" data-id=\"aa56e24\" data-element_type=\"widget\" data-e-type=\"widget\" data-widget_type=\"text-editor.default\">\n\t\t\t\t<div class=\"elementor-widget-container\">\n\t\t\t\t\t\t\t\t\t<p data-start=\"389\" data-end=\"427\">\ud83d\udce2 <strong data-start=\"392\" data-end=\"422\">HOTEL PALLADIA IS RECRUITING!<\/strong> \ud83d\udce2<\/p><p><b>One Maitre d'<\/b><\/p><p>Are you passionate about the art of catering and looking for a new and exciting challenge? Our restaurant in a 4-star hotel is looking for a talented Maitre d' to join our team.<\/p><p>Responsibilities :<\/p><p>- Providing impeccable, professional customer service.<\/p><p>- Coordinating with the kitchen.<\/p><p>- Experience in banqueting + catering<\/p><p>- Room service<\/p><p>- Staff training<\/p><p>- Presenting and finishing certain dishes (flamb\u00e9ing, cutting up meat or fish)<\/p><p>- Collection of notes<\/p><p>- Counting cash floats<\/p><p>- Excellent presentation skills.<\/p><p>- Mainly evening work<\/p><p>Restaurant closed on Sundays.<\/p><p>2 days off per week.<\/p><p>1 year experience<\/p><p>Fluent English<\/p><p>B driving licence<\/p><p>Salary according to profile<\/p><p data-start=\"429\" data-end=\"504\">\ud83d\udce9 <strong data-start=\"432\" data-end=\"463\">Send your application to<\/strong> :<br data-start=\"465\" data-end=\"468\" \/>\ud83d\udc49<a href=\"mailto:candidature@hotelpalladia.com\">candidature@hotelpalladia.com<\/a><\/p>\t\t\t\t\t\t\t\t<\/div>\n\t\t\t\t<\/div>\n\t\t\t\t\t<\/div>\n\t\t\t\t<\/div>\n\t\t\t\t<\/div>","protected":false},"excerpt":{"rendered":"<p>Le Restaurant de l&rsquo;H\u00f4tel **** Palladia recrute ! \ud83c\udf7d\ufe0f \ud83d\udce2 L\u2019H\u00d4TEL PALLADIA RECRUTE ! \ud83d\udce2 Un(e) Ma\u00eetre d&rsquo;h\u00f4tel Vous \u00eates passionn\u00e9(e) par l&rsquo;art de la restauration et recherchez un nouveau d\u00e9fi motivant ? Notre restaurant au sein d&rsquo;un h\u00f4tel 4 \u00e9toiles est \u00e0 la recherche d&rsquo;un(e) Maitre d&rsquo;h\u00f4tel talentueux(se) pour rejoindre notre \u00e9quipe. Responsabilit\u00e9s : [&hellip;]<\/p>\n","protected":false},"author":1,"featured_media":0,"parent":0,"menu_order":0,"comment_status":"closed","ping_status":"closed","template":"","meta":{"footnotes":""},"class_list":["post-3412","page","type-page","status-publish","hentry"],"yoast_head":"<!-- This site is optimized with the Yoast SEO plugin v27.5 - https:\/\/yoast.com\/product\/yoast-seo-wordpress\/ -->\n<title>Recrutement H\u00f4tel Palladia Toulouse | Offres d\u2019Emploi en H\u00f4tellerie<\/title>\n<meta name=\"description\" content=\"Rejoignez l\u2019H\u00f4tel Palladia \u00e0 Toulouse ! D\u00e9couvrez nos offres d\u2019emploi en h\u00f4tellerie et restauration. Postulez d\u00e8s maintenant.\" \/>\n<meta name=\"robots\" content=\"index, follow, max-snippet:-1, max-image-preview:large, max-video-preview:-1\" \/>\n<link rel=\"canonical\" href=\"https:\/\/www.hotelpalladia.com\/en\/recrutement\/\" \/>\n<meta property=\"og:locale\" content=\"en_GB\" \/>\n<meta property=\"og:type\" content=\"article\" \/>\n<meta property=\"og:title\" content=\"Recrutement H\u00f4tel Palladia Toulouse | Offres d\u2019Emploi en H\u00f4tellerie\" \/>\n<meta property=\"og:description\" content=\"Rejoignez l\u2019H\u00f4tel Palladia \u00e0 Toulouse ! D\u00e9couvrez nos offres d\u2019emploi en h\u00f4tellerie et restauration. Postulez d\u00e8s maintenant.\" \/>\n<meta property=\"og:url\" content=\"https:\/\/www.hotelpalladia.com\/en\/recrutement\/\" \/>\n<meta property=\"og:site_name\" content=\"H\u00f4tel Palladia\" \/>\n<meta property=\"article:publisher\" content=\"https:\/\/www.facebook.com\/hotelpalladia\/\" \/>\n<meta property=\"article:modified_time\" content=\"2026-03-20T08:34:51+00:00\" \/>\n<meta name=\"twitter:card\" content=\"summary_large_image\" \/>\n<meta name=\"twitter:label1\" content=\"Estimated reading time\" \/>\n\t<meta name=\"twitter:data1\" content=\"1 minute\" \/>\n<script type=\"application\/ld+json\" class=\"yoast-schema-graph\">{\"@context\":\"https:\\\/\\\/schema.org\",\"@graph\":[{\"@type\":\"WebPage\",\"@id\":\"https:\\\/\\\/www.hotelpalladia.com\\\/recrutement\\\/\",\"url\":\"https:\\\/\\\/www.hotelpalladia.com\\\/recrutement\\\/\",\"name\":\"Recrutement H\u00f4tel Palladia Toulouse | Offres d\u2019Emploi en H\u00f4tellerie\",\"isPartOf\":{\"@id\":\"https:\\\/\\\/www.hotelpalladia.com\\\/#website\"},\"datePublished\":\"2025-03-11T15:11:34+00:00\",\"dateModified\":\"2026-03-20T08:34:51+00:00\",\"description\":\"Rejoignez l\u2019H\u00f4tel Palladia \u00e0 Toulouse ! D\u00e9couvrez nos offres d\u2019emploi en h\u00f4tellerie et restauration. Postulez d\u00e8s maintenant.\",\"breadcrumb\":{\"@id\":\"https:\\\/\\\/www.hotelpalladia.com\\\/recrutement\\\/#breadcrumb\"},\"inLanguage\":\"en-GB\",\"potentialAction\":[{\"@type\":\"ReadAction\",\"target\":[\"https:\\\/\\\/www.hotelpalladia.com\\\/recrutement\\\/\"]}]},{\"@type\":\"BreadcrumbList\",\"@id\":\"https:\\\/\\\/www.hotelpalladia.com\\\/recrutement\\\/#breadcrumb\",\"itemListElement\":[{\"@type\":\"ListItem\",\"position\":1,\"name\":\"Accueil\",\"item\":\"https:\\\/\\\/www.hotelpalladia.com\\\/\"},{\"@type\":\"ListItem\",\"position\":2,\"name\":\"Recrutement\"}]},{\"@type\":\"WebSite\",\"@id\":\"https:\\\/\\\/www.hotelpalladia.com\\\/#website\",\"url\":\"https:\\\/\\\/www.hotelpalladia.com\\\/\",\"name\":\"H\u00f4tel Palladia\",\"description\":\"H\u00f4tel 4 \u00e9toile Toulouse\",\"publisher\":{\"@id\":\"https:\\\/\\\/www.hotelpalladia.com\\\/#organization\"},\"potentialAction\":[{\"@type\":\"SearchAction\",\"target\":{\"@type\":\"EntryPoint\",\"urlTemplate\":\"https:\\\/\\\/www.hotelpalladia.com\\\/?s={search_term_string}\"},\"query-input\":{\"@type\":\"PropertyValueSpecification\",\"valueRequired\":true,\"valueName\":\"search_term_string\"}}],\"inLanguage\":\"en-GB\"},{\"@type\":\"Organization\",\"@id\":\"https:\\\/\\\/www.hotelpalladia.com\\\/#organization\",\"name\":\"H\u00f4tel Palladia\",\"url\":\"https:\\\/\\\/www.hotelpalladia.com\\\/\",\"logo\":{\"@type\":\"ImageObject\",\"inLanguage\":\"en-GB\",\"@id\":\"https:\\\/\\\/www.hotelpalladia.com\\\/#\\\/schema\\\/logo\\\/image\\\/\",\"url\":\"https:\\\/\\\/www.hotelpalladia.com\\\/wp-content\\\/uploads\\\/2024\\\/02\\\/logo-retina.png\",\"contentUrl\":\"https:\\\/\\\/www.hotelpalladia.com\\\/wp-content\\\/uploads\\\/2024\\\/02\\\/logo-retina.png\",\"width\":300,\"height\":212,\"caption\":\"H\u00f4tel Palladia\"},\"image\":{\"@id\":\"https:\\\/\\\/www.hotelpalladia.com\\\/#\\\/schema\\\/logo\\\/image\\\/\"},\"sameAs\":[\"https:\\\/\\\/www.facebook.com\\\/hotelpalladia\\\/\",\"https:\\\/\\\/www.linkedin.com\\\/in\\\/htel-palladia-b2b50b153\\\/\",\"https:\\\/\\\/www.instagram.com\\\/hotelpalladia\\\/\",\"https:\\\/\\\/www.youtube.com\\\/@Palladia31\"]}]}<\/script>\n<!-- \/ Yoast SEO plugin. -->","yoast_head_json":{"title":"Recruitment Hotel Palladia Toulouse | Hospitality Jobs","description":"Join the H\u00f4tel Palladia in Toulouse! Discover our job offers in the hotel and restaurant industry. Apply now.","robots":{"index":"index","follow":"follow","max-snippet":"max-snippet:-1","max-image-preview":"max-image-preview:large","max-video-preview":"max-video-preview:-1"},"canonical":"https:\/\/www.hotelpalladia.com\/en\/recrutement\/","og_locale":"en_GB","og_type":"article","og_title":"Recrutement H\u00f4tel Palladia Toulouse | Offres d\u2019Emploi en H\u00f4tellerie","og_description":"Rejoignez l\u2019H\u00f4tel Palladia \u00e0 Toulouse ! D\u00e9couvrez nos offres d\u2019emploi en h\u00f4tellerie et restauration. Postulez d\u00e8s maintenant.","og_url":"https:\/\/www.hotelpalladia.com\/en\/recrutement\/","og_site_name":"H\u00f4tel Palladia","article_publisher":"https:\/\/www.facebook.com\/hotelpalladia\/","article_modified_time":"2026-03-20T08:34:51+00:00","twitter_card":"summary_large_image","twitter_misc":{"Estimated reading time":"1 minute"},"schema":{"@context":"https:\/\/schema.org","@graph":[{"@type":"WebPage","@id":"https:\/\/www.hotelpalladia.com\/recrutement\/","url":"https:\/\/www.hotelpalladia.com\/recrutement\/","name":"Recruitment Hotel Palladia Toulouse | Hospitality Jobs","isPartOf":{"@id":"https:\/\/www.hotelpalladia.com\/#website"},"datePublished":"2025-03-11T15:11:34+00:00","dateModified":"2026-03-20T08:34:51+00:00","description":"Join the H\u00f4tel Palladia in Toulouse! Discover our job offers in the hotel and restaurant industry. Apply now.","breadcrumb":{"@id":"https:\/\/www.hotelpalladia.com\/recrutement\/#breadcrumb"},"inLanguage":"en-GB","potentialAction":[{"@type":"ReadAction","target":["https:\/\/www.hotelpalladia.com\/recrutement\/"]}]},{"@type":"BreadcrumbList","@id":"https:\/\/www.hotelpalladia.com\/recrutement\/#breadcrumb","itemListElement":[{"@type":"ListItem","position":1,"name":"Accueil","item":"https:\/\/www.hotelpalladia.com\/"},{"@type":"ListItem","position":2,"name":"Recrutement"}]},{"@type":"WebSite","@id":"https:\/\/www.hotelpalladia.com\/#website","url":"https:\/\/www.hotelpalladia.com\/","name":"Hotel Palladia","description":"4 star hotel Toulouse","publisher":{"@id":"https:\/\/www.hotelpalladia.com\/#organization"},"potentialAction":[{"@type":"SearchAction","target":{"@type":"EntryPoint","urlTemplate":"https:\/\/www.hotelpalladia.com\/?s={search_term_string}"},"query-input":{"@type":"PropertyValueSpecification","valueRequired":true,"valueName":"search_term_string"}}],"inLanguage":"en-GB"},{"@type":"Organization","@id":"https:\/\/www.hotelpalladia.com\/#organization","name":"Hotel Palladia","url":"https:\/\/www.hotelpalladia.com\/","logo":{"@type":"ImageObject","inLanguage":"en-GB","@id":"https:\/\/www.hotelpalladia.com\/#\/schema\/logo\/image\/","url":"https:\/\/www.hotelpalladia.com\/wp-content\/uploads\/2024\/02\/logo-retina.png","contentUrl":"https:\/\/www.hotelpalladia.com\/wp-content\/uploads\/2024\/02\/logo-retina.png","width":300,"height":212,"caption":"H\u00f4tel Palladia"},"image":{"@id":"https:\/\/www.hotelpalladia.com\/#\/schema\/logo\/image\/"},"sameAs":["https:\/\/www.facebook.com\/hotelpalladia\/","https:\/\/www.linkedin.com\/in\/htel-palladia-b2b50b153\/","https:\/\/www.instagram.com\/hotelpalladia\/","https:\/\/www.youtube.com\/@Palladia31"]}]}},"_links":{"self":[{"href":"https:\/\/www.hotelpalladia.com\/en\/wp-json\/wp\/v2\/pages\/3412","targetHints":{"allow":["GET"]}}],"collection":[{"href":"https:\/\/www.hotelpalladia.com\/en\/wp-json\/wp\/v2\/pages"}],"about":[{"href":"https:\/\/www.hotelpalladia.com\/en\/wp-json\/wp\/v2\/types\/page"}],"author":[{"embeddable":true,"href":"https:\/\/www.hotelpalladia.com\/en\/wp-json\/wp\/v2\/users\/1"}],"replies":[{"embeddable":true,"href":"https:\/\/www.hotelpalladia.com\/en\/wp-json\/wp\/v2\/comments?post=3412"}],"version-history":[{"count":29,"href":"https:\/\/www.hotelpalladia.com\/en\/wp-json\/wp\/v2\/pages\/3412\/revisions"}],"predecessor-version":[{"id":4559,"href":"https:\/\/www.hotelpalladia.com\/en\/wp-json\/wp\/v2\/pages\/3412\/revisions\/4559"}],"wp:attachment":[{"href":"https:\/\/www.hotelpalladia.com\/en\/wp-json\/wp\/v2\/media?parent=3412"}],"curies":[{"name":"wp","href":"https:\/\/api.w.org\/{rel}","templated":true}]}}