{"id":3728,"date":"2025-06-18T17:06:07","date_gmt":"2025-06-18T17:06:07","guid":{"rendered":"https:\/\/www.hotelpalladia.com\/?page_id=3728"},"modified":"2025-06-18T17:07:52","modified_gmt":"2025-06-18T17:07:52","slug":"presse","status":"publish","type":"page","link":"https:\/\/www.hotelpalladia.com\/en\/presse\/","title":{"rendered":"Press"},"content":{"rendered":"<div data-elementor-type=\"wp-page\" data-elementor-id=\"3728\" class=\"elementor elementor-3728\" data-elementor-post-type=\"page\">\n\t\t\t\t<div class=\"elementor-element elementor-element-ef15c8f e-flex e-con-boxed e-con e-parent\" data-id=\"ef15c8f\" data-element_type=\"container\" data-e-type=\"container\">\n\t\t\t\t\t<div class=\"e-con-inner\">\n\t\t\t\t<div class=\"elementor-element elementor-element-ade00db elementor-align-center elementor-widget elementor-widget-breadcrumbs\" data-id=\"ade00db\" data-element_type=\"widget\" data-e-type=\"widget\" data-widget_type=\"breadcrumbs.default\">\n\t\t\t\t<div class=\"elementor-widget-container\">\n\t\t\t\t\t<p id=\"breadcrumbs\"><span><span><a href=\"https:\/\/www.hotelpalladia.com\/en\/\">Home<\/a><\/span><\/span><\/p>\t\t\t\t<\/div>\n\t\t\t\t<\/div>\n\t\t\t\t\t<\/div>\n\t\t\t\t<\/div>\n\t\t<div class=\"elementor-element elementor-element-7894503 e-flex e-con-boxed e-con e-parent\" data-id=\"7894503\" data-element_type=\"container\" data-e-type=\"container\">\n\t\t\t\t\t<div class=\"e-con-inner\">\n\t\t<div class=\"elementor-element elementor-element-bcb704d e-flex e-con-boxed e-con e-child\" data-id=\"bcb704d\" data-element_type=\"container\" data-e-type=\"container\">\n\t\t\t\t\t<div class=\"e-con-inner\">\n\t\t<div class=\"elementor-element elementor-element-f4297f7 e-flex e-con-boxed e-con e-child\" data-id=\"f4297f7\" data-element_type=\"container\" data-e-type=\"container\">\n\t\t\t\t\t<div class=\"e-con-inner\">\n\t\t\t\t<div class=\"elementor-element elementor-element-b1c6e3a elementor-widget elementor-widget-heading\" data-id=\"b1c6e3a\" data-element_type=\"widget\" data-e-type=\"widget\" data-widget_type=\"heading.default\">\n\t\t\t\t<div class=\"elementor-widget-container\">\n\t\t\t\t\t<h1 class=\"elementor-heading-title elementor-size-default\">Press<\/h1>\t\t\t\t<\/div>\n\t\t\t\t<\/div>\n\t\t\t\t<div class=\"elementor-element elementor-element-3f0f10f elementor-widget elementor-widget-heading\" data-id=\"3f0f10f\" data-element_type=\"widget\" data-e-type=\"widget\" data-widget_type=\"heading.default\">\n\t\t\t\t<div class=\"elementor-widget-container\">\n\t\t\t\t\t<h2 class=\"elementor-heading-title elementor-size-default\">Find out more about the Hotel Palladia in the various press reviews<\/h2>\t\t\t\t<\/div>\n\t\t\t\t<\/div>\n\t\t\t\t<div class=\"elementor-element elementor-element-5aef5fa elementor-widget-divider--view-line elementor-widget elementor-widget-divider\" data-id=\"5aef5fa\" data-element_type=\"widget\" data-e-type=\"widget\" data-widget_type=\"divider.default\">\n\t\t\t\t<div class=\"elementor-widget-container\">\n\t\t\t\t\t\t\t<div class=\"elementor-divider\">\n\t\t\t<span class=\"elementor-divider-separator\">\n\t\t\t\t\t\t<\/span>\n\t\t<\/div>\n\t\t\t\t\t\t<\/div>\n\t\t\t\t<\/div>\n\t\t\t\t\t<\/div>\n\t\t\t\t<\/div>\n\t\t\t\t\t<\/div>\n\t\t\t\t<\/div>\n\t\t\t\t\t<\/div>\n\t\t\t\t<\/div>\n\t\t<div class=\"elementor-element elementor-element-b6795fc e-con-full e-flex e-con e-parent\" data-id=\"b6795fc\" data-element_type=\"container\" data-e-type=\"container\">\n\t\t<div class=\"elementor-element elementor-element-78c07f9 e-con-full e-flex e-con e-child\" data-id=\"78c07f9\" data-element_type=\"container\" data-e-type=\"container\">\n\t\t\t\t<div class=\"elementor-element elementor-element-ae7d72f elementor-widget elementor-widget-heading\" data-id=\"ae7d72f\" data-element_type=\"widget\" data-e-type=\"widget\" data-widget_type=\"heading.default\">\n\t\t\t\t<div class=\"elementor-widget-container\">\n\t\t\t\t\t<h3 class=\"elementor-heading-title elementor-size-default\">la d\u00e9p\u00eache<\/h3>\t\t\t\t<\/div>\n\t\t\t\t<\/div>\n\t\t\t\t<div class=\"elementor-element elementor-element-bb344c4 elementor-widget elementor-widget-image\" data-id=\"bb344c4\" data-element_type=\"widget\" data-e-type=\"widget\" data-widget_type=\"image.default\">\n\t\t\t\t<div class=\"elementor-widget-container\">\n\t\t\t\t\t\t\t\t\t\t\t\t\t\t\t<img fetchpriority=\"high\" decoding=\"async\" width=\"768\" height=\"579\" src=\"https:\/\/www.hotelpalladia.com\/wp-content\/uploads\/2025\/06\/revue-presse-la-depeche-768x579.png\" class=\"attachment-medium_large size-medium_large wp-image-3739\" alt=\"Revue de Presse de la D\u00e9p\u00eache\" srcset=\"https:\/\/www.hotelpalladia.com\/wp-content\/uploads\/2025\/06\/revue-presse-la-depeche-768x579.png 768w, https:\/\/www.hotelpalladia.com\/wp-content\/uploads\/2025\/06\/revue-presse-la-depeche-300x226.png 300w, https:\/\/www.hotelpalladia.com\/wp-content\/uploads\/2025\/06\/revue-presse-la-depeche-16x12.png 16w, https:\/\/www.hotelpalladia.com\/wp-content\/uploads\/2025\/06\/revue-presse-la-depeche.png 862w\" sizes=\"(max-width: 768px) 100vw, 768px\" \/>\t\t\t\t\t\t\t\t\t\t\t\t\t\t\t<\/div>\n\t\t\t\t<\/div>\n\t\t\t\t<div class=\"elementor-element elementor-element-0700ed0 elementor-align-center elementor-widget elementor-widget-button\" data-id=\"0700ed0\" data-element_type=\"widget\" data-e-type=\"widget\" data-widget_type=\"button.default\">\n\t\t\t\t<div class=\"elementor-widget-container\">\n\t\t\t\t\t\t\t\t\t<div class=\"elementor-button-wrapper\">\n\t\t\t\t\t<a class=\"elementor-button elementor-button-link elementor-size-sm\" href=\"https:\/\/www.ladepeche.fr\/2025\/06\/10\/a-purpan-lhotel-palladia-relance-la-bistronomie-avec-un-nouveau-chef-et-un-menu-complet-a-30-eur-12752637.php\" target=\"_blank\">\n\t\t\t\t\t\t<span class=\"elementor-button-content-wrapper\">\n\t\t\t\t\t\t\t\t\t<span class=\"elementor-button-text\">Read the article<\/span>\n\t\t\t\t\t<\/span>\n\t\t\t\t\t<\/a>\n\t\t\t\t<\/div>\n\t\t\t\t\t\t\t\t<\/div>\n\t\t\t\t<\/div>\n\t\t\t\t<\/div>\n\t\t<div class=\"elementor-element elementor-element-aef7c07 e-con-full e-flex e-con e-child\" data-id=\"aef7c07\" data-element_type=\"container\" data-e-type=\"container\">\n\t\t\t\t<div class=\"elementor-element elementor-element-facdafb elementor-widget elementor-widget-heading\" data-id=\"facdafb\" data-element_type=\"widget\" data-e-type=\"widget\" data-widget_type=\"heading.default\">\n\t\t\t\t<div class=\"elementor-widget-container\">\n\t\t\t\t\t<h3 class=\"elementor-heading-title elementor-size-default\">Toulouse news<\/h3>\t\t\t\t<\/div>\n\t\t\t\t<\/div>\n\t\t\t\t<div class=\"elementor-element elementor-element-757b3e4 elementor-widget elementor-widget-image\" data-id=\"757b3e4\" data-element_type=\"widget\" data-e-type=\"widget\" data-widget_type=\"image.default\">\n\t\t\t\t<div class=\"elementor-widget-container\">\n\t\t\t\t\t\t\t\t\t\t\t\t\t\t\t<img decoding=\"async\" width=\"800\" height=\"603\" src=\"https:\/\/www.hotelpalladia.com\/wp-content\/uploads\/2025\/06\/revue-presse-actu-toulouse.png\" class=\"attachment-large size-large wp-image-3740\" alt=\"Revue de Presse sur Actu Toulouse\" srcset=\"https:\/\/www.hotelpalladia.com\/wp-content\/uploads\/2025\/06\/revue-presse-actu-toulouse.png 862w, https:\/\/www.hotelpalladia.com\/wp-content\/uploads\/2025\/06\/revue-presse-actu-toulouse-300x226.png 300w, https:\/\/www.hotelpalladia.com\/wp-content\/uploads\/2025\/06\/revue-presse-actu-toulouse-768x579.png 768w, https:\/\/www.hotelpalladia.com\/wp-content\/uploads\/2025\/06\/revue-presse-actu-toulouse-16x12.png 16w\" sizes=\"(max-width: 800px) 100vw, 800px\" \/>\t\t\t\t\t\t\t\t\t\t\t\t\t\t\t<\/div>\n\t\t\t\t<\/div>\n\t\t\t\t<div class=\"elementor-element elementor-element-ab2a4a4 elementor-align-center elementor-widget elementor-widget-button\" data-id=\"ab2a4a4\" data-element_type=\"widget\" data-e-type=\"widget\" data-widget_type=\"button.default\">\n\t\t\t\t<div class=\"elementor-widget-container\">\n\t\t\t\t\t\t\t\t\t<div class=\"elementor-button-wrapper\">\n\t\t\t\t\t<a class=\"elementor-button elementor-button-link elementor-size-sm\" href=\"https:\/\/actu.fr\/occitanie\/toulouse_31555\/toulouse-le-palladia-s-offre-un-chef-forme-aupres-d-etoiles-dans-le-but-de-gastronomiser-sa-cuisine_62753044.html\" target=\"_blank\">\n\t\t\t\t\t\t<span class=\"elementor-button-content-wrapper\">\n\t\t\t\t\t\t\t\t\t<span class=\"elementor-button-text\">Read the article<\/span>\n\t\t\t\t\t<\/span>\n\t\t\t\t\t<\/a>\n\t\t\t\t<\/div>\n\t\t\t\t\t\t\t\t<\/div>\n\t\t\t\t<\/div>\n\t\t\t\t<\/div>\n\t\t<div class=\"elementor-element elementor-element-c4d409b e-con-full e-flex e-con e-child\" data-id=\"c4d409b\" data-element_type=\"container\" data-e-type=\"container\">\n\t\t\t\t<div class=\"elementor-element elementor-element-7761f97 elementor-widget elementor-widget-heading\" data-id=\"7761f97\" data-element_type=\"widget\" data-e-type=\"widget\" data-widget_type=\"heading.default\">\n\t\t\t\t<div class=\"elementor-widget-container\">\n\t\t\t\t\t<h3 class=\"elementor-heading-title elementor-size-default\">The diagonal<\/h3>\t\t\t\t<\/div>\n\t\t\t\t<\/div>\n\t\t\t\t<div class=\"elementor-element elementor-element-e012d4a elementor-widget elementor-widget-image\" data-id=\"e012d4a\" data-element_type=\"widget\" data-e-type=\"widget\" data-widget_type=\"image.default\">\n\t\t\t\t<div class=\"elementor-widget-container\">\n\t\t\t\t\t\t\t\t\t\t\t\t\t\t\t<img decoding=\"async\" width=\"800\" height=\"603\" src=\"https:\/\/www.hotelpalladia.com\/wp-content\/uploads\/2025\/06\/revue-presse-journal-diagonal.png\" class=\"attachment-large size-large wp-image-3741\" alt=\"Revue de Presse sur Journal Diagonal.\" srcset=\"https:\/\/www.hotelpalladia.com\/wp-content\/uploads\/2025\/06\/revue-presse-journal-diagonal.png 862w, https:\/\/www.hotelpalladia.com\/wp-content\/uploads\/2025\/06\/revue-presse-journal-diagonal-300x226.png 300w, https:\/\/www.hotelpalladia.com\/wp-content\/uploads\/2025\/06\/revue-presse-journal-diagonal-768x579.png 768w, https:\/\/www.hotelpalladia.com\/wp-content\/uploads\/2025\/06\/revue-presse-journal-diagonal-16x12.png 16w\" sizes=\"(max-width: 800px) 100vw, 800px\" \/>\t\t\t\t\t\t\t\t\t\t\t\t\t\t\t<\/div>\n\t\t\t\t<\/div>\n\t\t\t\t<div class=\"elementor-element elementor-element-be23985 elementor-align-center elementor-widget elementor-widget-button\" data-id=\"be23985\" data-element_type=\"widget\" data-e-type=\"widget\" data-widget_type=\"button.default\">\n\t\t\t\t<div class=\"elementor-widget-container\">\n\t\t\t\t\t\t\t\t\t<div class=\"elementor-button-wrapper\">\n\t\t\t\t\t<a class=\"elementor-button elementor-button-link elementor-size-sm\" href=\"https:\/\/journal-diagonale.fr\/restaurant-nouveau-chef-pour-lhotel-palladia\" target=\"_blank\">\n\t\t\t\t\t\t<span class=\"elementor-button-content-wrapper\">\n\t\t\t\t\t\t\t\t\t<span class=\"elementor-button-text\">Read the article<\/span>\n\t\t\t\t\t<\/span>\n\t\t\t\t\t<\/a>\n\t\t\t\t<\/div>\n\t\t\t\t\t\t\t\t<\/div>\n\t\t\t\t<\/div>\n\t\t\t\t<\/div>\n\t\t<div class=\"elementor-element elementor-element-bfb9418 e-con-full e-flex e-con e-child\" data-id=\"bfb9418\" data-element_type=\"container\" data-e-type=\"container\">\n\t\t\t\t<div class=\"elementor-element elementor-element-974e8ff elementor-widget elementor-widget-heading\" data-id=\"974e8ff\" data-element_type=\"widget\" data-e-type=\"widget\" data-widget_type=\"heading.default\">\n\t\t\t\t<div class=\"elementor-widget-container\">\n\t\t\t\t\t<h3 class=\"elementor-heading-title elementor-size-default\">Bernieshoot<\/h3>\t\t\t\t<\/div>\n\t\t\t\t<\/div>\n\t\t\t\t<div class=\"elementor-element elementor-element-060d585 elementor-widget elementor-widget-image\" data-id=\"060d585\" data-element_type=\"widget\" data-e-type=\"widget\" data-widget_type=\"image.default\">\n\t\t\t\t<div class=\"elementor-widget-container\">\n\t\t\t\t\t\t\t\t\t\t\t\t\t\t\t<img loading=\"lazy\" decoding=\"async\" width=\"800\" height=\"603\" src=\"https:\/\/www.hotelpalladia.com\/wp-content\/uploads\/2025\/06\/revue-presse-bernieshoot.png\" class=\"attachment-large size-large wp-image-3742\" alt=\"\" srcset=\"https:\/\/www.hotelpalladia.com\/wp-content\/uploads\/2025\/06\/revue-presse-bernieshoot.png 862w, https:\/\/www.hotelpalladia.com\/wp-content\/uploads\/2025\/06\/revue-presse-bernieshoot-300x226.png 300w, https:\/\/www.hotelpalladia.com\/wp-content\/uploads\/2025\/06\/revue-presse-bernieshoot-768x579.png 768w, https:\/\/www.hotelpalladia.com\/wp-content\/uploads\/2025\/06\/revue-presse-bernieshoot-16x12.png 16w\" sizes=\"(max-width: 800px) 100vw, 800px\" \/>\t\t\t\t\t\t\t\t\t\t\t\t\t\t\t<\/div>\n\t\t\t\t<\/div>\n\t\t\t\t<div class=\"elementor-element elementor-element-f335ccc elementor-align-center elementor-widget elementor-widget-button\" data-id=\"f335ccc\" data-element_type=\"widget\" data-e-type=\"widget\" data-widget_type=\"button.default\">\n\t\t\t\t<div class=\"elementor-widget-container\">\n\t\t\t\t\t\t\t\t\t<div class=\"elementor-button-wrapper\">\n\t\t\t\t\t<a class=\"elementor-button elementor-button-link elementor-size-sm\" href=\"https:\/\/www.bernieshoot.fr\/2025\/06\/jeremy-gabarrot-chef-restaurant-le-palladia-toulouse.html\" target=\"_blank\">\n\t\t\t\t\t\t<span class=\"elementor-button-content-wrapper\">\n\t\t\t\t\t\t\t\t\t<span class=\"elementor-button-text\">Read the article<\/span>\n\t\t\t\t\t<\/span>\n\t\t\t\t\t<\/a>\n\t\t\t\t<\/div>\n\t\t\t\t\t\t\t\t<\/div>\n\t\t\t\t<\/div>\n\t\t\t\t<\/div>\n\t\t\t\t<\/div>\n\t\t<div class=\"elementor-element elementor-element-6ef2af4 e-con-full e-flex e-con e-parent\" data-id=\"6ef2af4\" data-element_type=\"container\" data-e-type=\"container\">\n\t\t<div class=\"elementor-element elementor-element-4b0c432 e-flex e-con-boxed e-con e-child\" data-id=\"4b0c432\" data-element_type=\"container\" data-e-type=\"container\">\n\t\t\t\t\t<div class=\"e-con-inner\">\n\t\t<div class=\"elementor-element elementor-element-e3031d8 e-con-full e-flex e-con e-child\" data-id=\"e3031d8\" data-element_type=\"container\" data-e-type=\"container\">\n\t\t\t\t<div class=\"elementor-element elementor-element-bbee242 elementor-widget elementor-widget-heading\" data-id=\"bbee242\" data-element_type=\"widget\" data-e-type=\"widget\" data-widget_type=\"heading.default\">\n\t\t\t\t<div class=\"elementor-widget-container\">\n\t\t\t\t\t<h2 class=\"elementor-heading-title elementor-size-default\">On Instagram<\/h2>\t\t\t\t<\/div>\n\t\t\t\t<\/div>\n\t\t\t\t<div class=\"elementor-element elementor-element-720ae05 elementor-widget elementor-widget-heading\" data-id=\"720ae05\" data-element_type=\"widget\" data-e-type=\"widget\" data-widget_type=\"heading.default\">\n\t\t\t\t<div class=\"elementor-widget-container\">\n\t\t\t\t\t<h3 class=\"elementor-heading-title elementor-size-default\">Our latest publications on Instagram<\/h3>\t\t\t\t<\/div>\n\t\t\t\t<\/div>\n\t\t\t\t<div class=\"elementor-element elementor-element-9781c0b elementor-widget-divider--view-line elementor-widget elementor-widget-divider\" data-id=\"9781c0b\" data-element_type=\"widget\" data-e-type=\"widget\" data-widget_type=\"divider.default\">\n\t\t\t\t<div class=\"elementor-widget-container\">\n\t\t\t\t\t\t\t<div class=\"elementor-divider\">\n\t\t\t<span class=\"elementor-divider-separator\">\n\t\t\t\t\t\t<\/span>\n\t\t<\/div>\n\t\t\t\t\t\t<\/div>\n\t\t\t\t<\/div>\n\t\t\t\t<\/div>\n\t\t\t\t\t<\/div>\n\t\t\t\t<\/div>\n\t\t\t\t<\/div>\n\t\t<div class=\"elementor-element elementor-element-5946b34 e-flex e-con-boxed e-con e-parent\" data-id=\"5946b34\" data-element_type=\"container\" data-e-type=\"container\">\n\t\t\t\t\t<div class=\"e-con-inner\">\n\t\t\t\t<div class=\"elementor-element elementor-element-05c0aef elementor-align-center elementor-widget elementor-widget-button\" data-id=\"05c0aef\" data-element_type=\"widget\" data-e-type=\"widget\" data-widget_type=\"button.default\">\n\t\t\t\t<div class=\"elementor-widget-container\">\n\t\t\t\t\t\t\t\t\t<div class=\"elementor-button-wrapper\">\n\t\t\t\t\t<a class=\"elementor-button elementor-button-link elementor-size-sm\" href=\"https:\/\/www.instagram.com\/hotelpalladia\/\" target=\"_blank\">\n\t\t\t\t\t\t<span class=\"elementor-button-content-wrapper\">\n\t\t\t\t\t\t\t\t\t<span class=\"elementor-button-text\">Follow us on Instagram<\/span>\n\t\t\t\t\t<\/span>\n\t\t\t\t\t<\/a>\n\t\t\t\t<\/div>\n\t\t\t\t\t\t\t\t<\/div>\n\t\t\t\t<\/div>\n\t\t\t\t\t<\/div>\n\t\t\t\t<\/div>\n\t\t\t\t<\/div>","protected":false},"excerpt":{"rendered":"<p>The 4* Palladia innovates: between exclusive gastronomic events and luxurious renovations, immerse yourself in the latest news from an exceptional establishment.<\/p>","protected":false},"author":1,"featured_media":0,"parent":0,"menu_order":0,"comment_status":"closed","ping_status":"closed","template":"","meta":{"footnotes":""},"class_list":["post-3728","page","type-page","status-publish","hentry"],"yoast_head":"<!-- This site is optimized with the Yoast SEO plugin v27.5 - https:\/\/yoast.com\/product\/yoast-seo-wordpress\/ -->\n<title>D\u00e9couvrez les actualit\u00e9s dans la presse de l&#039;h\u00f4tel Palladia<\/title>\n<meta name=\"description\" content=\"D\u00e9couvrez les derni\u00e8res nouveaut\u00e9s de l&#039;h\u00f4tel Palladia 4* dans les diverses revues de presse. Ils parlent de nous et donnent leur avis.\" \/>\n<meta name=\"robots\" content=\"index, follow, max-snippet:-1, max-image-preview:large, max-video-preview:-1\" \/>\n<link rel=\"canonical\" href=\"https:\/\/www.hotelpalladia.com\/en\/presse\/\" \/>\n<meta property=\"og:locale\" content=\"en_GB\" \/>\n<meta property=\"og:type\" content=\"article\" \/>\n<meta property=\"og:title\" content=\"D\u00e9couvrez les actualit\u00e9s dans la presse de l&#039;h\u00f4tel Palladia\" \/>\n<meta property=\"og:description\" content=\"D\u00e9couvrez les derni\u00e8res nouveaut\u00e9s de l&#039;h\u00f4tel Palladia 4* dans les diverses revues de presse. Ils parlent de nous et donnent leur avis.\" \/>\n<meta property=\"og:url\" content=\"https:\/\/www.hotelpalladia.com\/en\/presse\/\" \/>\n<meta property=\"og:site_name\" content=\"H\u00f4tel Palladia\" \/>\n<meta property=\"article:publisher\" content=\"https:\/\/www.facebook.com\/hotelpalladia\/\" \/>\n<meta property=\"article:modified_time\" content=\"2025-06-18T17:07:52+00:00\" \/>\n<meta property=\"og:image\" content=\"https:\/\/www.hotelpalladia.com\/wp-content\/uploads\/2025\/06\/revue-presse-la-depeche.png\" \/>\n\t<meta property=\"og:image:width\" content=\"862\" \/>\n\t<meta property=\"og:image:height\" content=\"650\" \/>\n\t<meta property=\"og:image:type\" content=\"image\/png\" \/>\n<meta name=\"twitter:card\" content=\"summary_large_image\" \/>\n<meta name=\"twitter:label1\" content=\"Estimated reading time\" \/>\n\t<meta name=\"twitter:data1\" content=\"1 minute\" \/>\n<script type=\"application\/ld+json\" class=\"yoast-schema-graph\">{\"@context\":\"https:\\\/\\\/schema.org\",\"@graph\":[{\"@type\":\"WebPage\",\"@id\":\"https:\\\/\\\/www.hotelpalladia.com\\\/presse\\\/\",\"url\":\"https:\\\/\\\/www.hotelpalladia.com\\\/presse\\\/\",\"name\":\"D\u00e9couvrez les actualit\u00e9s dans la presse de l'h\u00f4tel Palladia\",\"isPartOf\":{\"@id\":\"https:\\\/\\\/www.hotelpalladia.com\\\/#website\"},\"primaryImageOfPage\":{\"@id\":\"https:\\\/\\\/www.hotelpalladia.com\\\/presse\\\/#primaryimage\"},\"image\":{\"@id\":\"https:\\\/\\\/www.hotelpalladia.com\\\/presse\\\/#primaryimage\"},\"thumbnailUrl\":\"https:\\\/\\\/www.hotelpalladia.com\\\/wp-content\\\/uploads\\\/2025\\\/06\\\/revue-presse-la-depeche-768x579.png\",\"datePublished\":\"2025-06-18T17:06:07+00:00\",\"dateModified\":\"2025-06-18T17:07:52+00:00\",\"description\":\"D\u00e9couvrez les derni\u00e8res nouveaut\u00e9s de l'h\u00f4tel Palladia 4* dans les diverses revues de presse. Ils parlent de nous et donnent leur avis.\",\"breadcrumb\":{\"@id\":\"https:\\\/\\\/www.hotelpalladia.com\\\/presse\\\/#breadcrumb\"},\"inLanguage\":\"en-GB\",\"potentialAction\":[{\"@type\":\"ReadAction\",\"target\":[\"https:\\\/\\\/www.hotelpalladia.com\\\/presse\\\/\"]}]},{\"@type\":\"ImageObject\",\"inLanguage\":\"en-GB\",\"@id\":\"https:\\\/\\\/www.hotelpalladia.com\\\/presse\\\/#primaryimage\",\"url\":\"https:\\\/\\\/www.hotelpalladia.com\\\/wp-content\\\/uploads\\\/2025\\\/06\\\/revue-presse-la-depeche-768x579.png\",\"contentUrl\":\"https:\\\/\\\/www.hotelpalladia.com\\\/wp-content\\\/uploads\\\/2025\\\/06\\\/revue-presse-la-depeche-768x579.png\"},{\"@type\":\"BreadcrumbList\",\"@id\":\"https:\\\/\\\/www.hotelpalladia.com\\\/presse\\\/#breadcrumb\",\"itemListElement\":[{\"@type\":\"ListItem\",\"position\":1,\"name\":\"Accueil\",\"item\":\"https:\\\/\\\/www.hotelpalladia.com\\\/\"},{\"@type\":\"ListItem\",\"position\":2,\"name\":\"Presse\"}]},{\"@type\":\"WebSite\",\"@id\":\"https:\\\/\\\/www.hotelpalladia.com\\\/#website\",\"url\":\"https:\\\/\\\/www.hotelpalladia.com\\\/\",\"name\":\"H\u00f4tel Palladia\",\"description\":\"H\u00f4tel 4 \u00e9toile Toulouse\",\"publisher\":{\"@id\":\"https:\\\/\\\/www.hotelpalladia.com\\\/#organization\"},\"potentialAction\":[{\"@type\":\"SearchAction\",\"target\":{\"@type\":\"EntryPoint\",\"urlTemplate\":\"https:\\\/\\\/www.hotelpalladia.com\\\/?s={search_term_string}\"},\"query-input\":{\"@type\":\"PropertyValueSpecification\",\"valueRequired\":true,\"valueName\":\"search_term_string\"}}],\"inLanguage\":\"en-GB\"},{\"@type\":\"Organization\",\"@id\":\"https:\\\/\\\/www.hotelpalladia.com\\\/#organization\",\"name\":\"H\u00f4tel Palladia\",\"url\":\"https:\\\/\\\/www.hotelpalladia.com\\\/\",\"logo\":{\"@type\":\"ImageObject\",\"inLanguage\":\"en-GB\",\"@id\":\"https:\\\/\\\/www.hotelpalladia.com\\\/#\\\/schema\\\/logo\\\/image\\\/\",\"url\":\"https:\\\/\\\/www.hotelpalladia.com\\\/wp-content\\\/uploads\\\/2024\\\/02\\\/logo-retina.png\",\"contentUrl\":\"https:\\\/\\\/www.hotelpalladia.com\\\/wp-content\\\/uploads\\\/2024\\\/02\\\/logo-retina.png\",\"width\":300,\"height\":212,\"caption\":\"H\u00f4tel Palladia\"},\"image\":{\"@id\":\"https:\\\/\\\/www.hotelpalladia.com\\\/#\\\/schema\\\/logo\\\/image\\\/\"},\"sameAs\":[\"https:\\\/\\\/www.facebook.com\\\/hotelpalladia\\\/\",\"https:\\\/\\\/www.linkedin.com\\\/in\\\/htel-palladia-b2b50b153\\\/\",\"https:\\\/\\\/www.instagram.com\\\/hotelpalladia\\\/\",\"https:\\\/\\\/www.youtube.com\\\/@Palladia31\"]}]}<\/script>\n<!-- \/ Yoast SEO plugin. -->","yoast_head_json":{"title":"Find out what's new in the press about the Hotel Palladia","description":"Discover the latest news from the 4* Hotel Palladia in the various press reviews. They talk about us and give their opinion.","robots":{"index":"index","follow":"follow","max-snippet":"max-snippet:-1","max-image-preview":"max-image-preview:large","max-video-preview":"max-video-preview:-1"},"canonical":"https:\/\/www.hotelpalladia.com\/en\/presse\/","og_locale":"en_GB","og_type":"article","og_title":"D\u00e9couvrez les actualit\u00e9s dans la presse de l'h\u00f4tel Palladia","og_description":"D\u00e9couvrez les derni\u00e8res nouveaut\u00e9s de l'h\u00f4tel Palladia 4* dans les diverses revues de presse. Ils parlent de nous et donnent leur avis.","og_url":"https:\/\/www.hotelpalladia.com\/en\/presse\/","og_site_name":"H\u00f4tel Palladia","article_publisher":"https:\/\/www.facebook.com\/hotelpalladia\/","article_modified_time":"2025-06-18T17:07:52+00:00","og_image":[{"width":862,"height":650,"url":"https:\/\/www.hotelpalladia.com\/wp-content\/uploads\/2025\/06\/revue-presse-la-depeche.png","type":"image\/png"}],"twitter_card":"summary_large_image","twitter_misc":{"Estimated reading time":"1 minute"},"schema":{"@context":"https:\/\/schema.org","@graph":[{"@type":"WebPage","@id":"https:\/\/www.hotelpalladia.com\/presse\/","url":"https:\/\/www.hotelpalladia.com\/presse\/","name":"Find out what's new in the press about the Hotel Palladia","isPartOf":{"@id":"https:\/\/www.hotelpalladia.com\/#website"},"primaryImageOfPage":{"@id":"https:\/\/www.hotelpalladia.com\/presse\/#primaryimage"},"image":{"@id":"https:\/\/www.hotelpalladia.com\/presse\/#primaryimage"},"thumbnailUrl":"https:\/\/www.hotelpalladia.com\/wp-content\/uploads\/2025\/06\/revue-presse-la-depeche-768x579.png","datePublished":"2025-06-18T17:06:07+00:00","dateModified":"2025-06-18T17:07:52+00:00","description":"Discover the latest news from the 4* Hotel Palladia in the various press reviews. They talk about us and give their opinion.","breadcrumb":{"@id":"https:\/\/www.hotelpalladia.com\/presse\/#breadcrumb"},"inLanguage":"en-GB","potentialAction":[{"@type":"ReadAction","target":["https:\/\/www.hotelpalladia.com\/presse\/"]}]},{"@type":"ImageObject","inLanguage":"en-GB","@id":"https:\/\/www.hotelpalladia.com\/presse\/#primaryimage","url":"https:\/\/www.hotelpalladia.com\/wp-content\/uploads\/2025\/06\/revue-presse-la-depeche-768x579.png","contentUrl":"https:\/\/www.hotelpalladia.com\/wp-content\/uploads\/2025\/06\/revue-presse-la-depeche-768x579.png"},{"@type":"BreadcrumbList","@id":"https:\/\/www.hotelpalladia.com\/presse\/#breadcrumb","itemListElement":[{"@type":"ListItem","position":1,"name":"Accueil","item":"https:\/\/www.hotelpalladia.com\/"},{"@type":"ListItem","position":2,"name":"Presse"}]},{"@type":"WebSite","@id":"https:\/\/www.hotelpalladia.com\/#website","url":"https:\/\/www.hotelpalladia.com\/","name":"Hotel Palladia","description":"4 star hotel Toulouse","publisher":{"@id":"https:\/\/www.hotelpalladia.com\/#organization"},"potentialAction":[{"@type":"SearchAction","target":{"@type":"EntryPoint","urlTemplate":"https:\/\/www.hotelpalladia.com\/?s={search_term_string}"},"query-input":{"@type":"PropertyValueSpecification","valueRequired":true,"valueName":"search_term_string"}}],"inLanguage":"en-GB"},{"@type":"Organization","@id":"https:\/\/www.hotelpalladia.com\/#organization","name":"Hotel Palladia","url":"https:\/\/www.hotelpalladia.com\/","logo":{"@type":"ImageObject","inLanguage":"en-GB","@id":"https:\/\/www.hotelpalladia.com\/#\/schema\/logo\/image\/","url":"https:\/\/www.hotelpalladia.com\/wp-content\/uploads\/2024\/02\/logo-retina.png","contentUrl":"https:\/\/www.hotelpalladia.com\/wp-content\/uploads\/2024\/02\/logo-retina.png","width":300,"height":212,"caption":"H\u00f4tel Palladia"},"image":{"@id":"https:\/\/www.hotelpalladia.com\/#\/schema\/logo\/image\/"},"sameAs":["https:\/\/www.facebook.com\/hotelpalladia\/","https:\/\/www.linkedin.com\/in\/htel-palladia-b2b50b153\/","https:\/\/www.instagram.com\/hotelpalladia\/","https:\/\/www.youtube.com\/@Palladia31"]}]}},"_links":{"self":[{"href":"https:\/\/www.hotelpalladia.com\/en\/wp-json\/wp\/v2\/pages\/3728","targetHints":{"allow":["GET"]}}],"collection":[{"href":"https:\/\/www.hotelpalladia.com\/en\/wp-json\/wp\/v2\/pages"}],"about":[{"href":"https:\/\/www.hotelpalladia.com\/en\/wp-json\/wp\/v2\/types\/page"}],"author":[{"embeddable":true,"href":"https:\/\/www.hotelpalladia.com\/en\/wp-json\/wp\/v2\/users\/1"}],"replies":[{"embeddable":true,"href":"https:\/\/www.hotelpalladia.com\/en\/wp-json\/wp\/v2\/comments?post=3728"}],"version-history":[{"count":10,"href":"https:\/\/www.hotelpalladia.com\/en\/wp-json\/wp\/v2\/pages\/3728\/revisions"}],"predecessor-version":[{"id":3745,"href":"https:\/\/www.hotelpalladia.com\/en\/wp-json\/wp\/v2\/pages\/3728\/revisions\/3745"}],"wp:attachment":[{"href":"https:\/\/www.hotelpalladia.com\/en\/wp-json\/wp\/v2\/media?parent=3728"}],"curies":[{"name":"wp","href":"https:\/\/api.w.org\/{rel}","templated":true}]}}