{"id":2360,"date":"2024-05-30T16:36:23","date_gmt":"2024-05-30T16:36:23","guid":{"rendered":"https:\/\/www.hotelpalladia.com\/?page_id=2360"},"modified":"2026-03-13T10:09:32","modified_gmt":"2026-03-13T10:09:32","slug":"engagements","status":"publish","type":"page","link":"https:\/\/www.hotelpalladia.com\/es\/engagements\/","title":{"rendered":"Compromisos"},"content":{"rendered":"\t\t<div data-elementor-type=\"wp-page\" data-elementor-id=\"2360\" class=\"elementor elementor-2360\" data-elementor-post-type=\"page\">\n\t\t\t\t<div class=\"elementor-element elementor-element-ac40aad e-flex e-con-boxed e-con e-parent\" data-id=\"ac40aad\" data-element_type=\"container\" data-e-type=\"container\">\n\t\t\t\t\t<div class=\"e-con-inner\">\n\t\t\t\t<div class=\"elementor-element elementor-element-b65fbb8 elementor-align-center elementor-widget elementor-widget-breadcrumbs\" data-id=\"b65fbb8\" data-element_type=\"widget\" data-e-type=\"widget\" data-widget_type=\"breadcrumbs.default\">\n\t\t\t\t<div class=\"elementor-widget-container\">\n\t\t\t\t\t<p id=\"breadcrumbs\"><span><span><a href=\"https:\/\/www.hotelpalladia.com\/\">Accueil<\/a><\/span><\/span><\/p>\t\t\t\t<\/div>\n\t\t\t\t<\/div>\n\t\t\t\t\t<\/div>\n\t\t\t\t<\/div>\n\t\t<div class=\"elementor-element elementor-element-6ae8124 e-flex e-con-boxed e-con e-parent\" data-id=\"6ae8124\" data-element_type=\"container\" data-e-type=\"container\">\n\t\t\t\t\t<div class=\"e-con-inner\">\n\t\t\t\t<div class=\"elementor-element elementor-element-62afbf6 elementor-widget elementor-widget-heading\" data-id=\"62afbf6\" data-element_type=\"widget\" data-e-type=\"widget\" data-widget_type=\"heading.default\">\n\t\t\t\t<div class=\"elementor-widget-container\">\n\t\t\t\t\t<h2 class=\"elementor-heading-title elementor-size-default\">Engagements<\/h2>\t\t\t\t<\/div>\n\t\t\t\t<\/div>\n\t\t\t\t<div class=\"elementor-element elementor-element-52115cb elementor-widget-divider--view-line elementor-widget elementor-widget-divider\" data-id=\"52115cb\" data-element_type=\"widget\" data-e-type=\"widget\" data-widget_type=\"divider.default\">\n\t\t\t\t<div class=\"elementor-widget-container\">\n\t\t\t\t\t\t\t<div class=\"elementor-divider\">\n\t\t\t<span class=\"elementor-divider-separator\">\n\t\t\t\t\t\t<\/span>\n\t\t<\/div>\n\t\t\t\t\t\t<\/div>\n\t\t\t\t<\/div>\n\t\t\t\t<div class=\"elementor-element elementor-element-c38c9dd elementor-widget elementor-widget-text-editor\" data-id=\"c38c9dd\" data-element_type=\"widget\" data-e-type=\"widget\" data-widget_type=\"text-editor.default\">\n\t\t\t\t<div class=\"elementor-widget-container\">\n\t\t\t\t\t\t\t\t\t<p>&nbsp; &nbsp; &nbsp; &nbsp; &nbsp; Ensemble prot\u00e9geons la vie, prot\u00e9geons la Terre<\/p>\t\t\t\t\t\t\t\t<\/div>\n\t\t\t\t<\/div>\n\t\t\t\t\t<\/div>\n\t\t\t\t<\/div>\n\t\t<div class=\"elementor-element elementor-element-15c8316 e-flex e-con-boxed e-con e-parent\" data-id=\"15c8316\" data-element_type=\"container\" data-e-type=\"container\">\n\t\t\t\t\t<div class=\"e-con-inner\">\n\t\t<div class=\"elementor-element elementor-element-7c9dd4e e-con-full e-flex e-con e-child\" data-id=\"7c9dd4e\" data-element_type=\"container\" data-e-type=\"container\">\n\t\t\t\t<div class=\"elementor-element elementor-element-8253ba1 elementor-widget elementor-widget-image\" data-id=\"8253ba1\" data-element_type=\"widget\" data-e-type=\"widget\" data-widget_type=\"image.default\">\n\t\t\t\t<div class=\"elementor-widget-container\">\n\t\t\t\t\t\t\t\t\t\t\t\t\t\t\t<img fetchpriority=\"high\" decoding=\"async\" width=\"800\" height=\"800\" src=\"https:\/\/www.hotelpalladia.com\/wp-content\/uploads\/2025\/01\/logo-clef-verte--1024x1024.png\" class=\"attachment-large size-large wp-image-3246\" alt=\"\" srcset=\"https:\/\/www.hotelpalladia.com\/wp-content\/uploads\/2025\/01\/logo-clef-verte--1024x1024.png 1024w, https:\/\/www.hotelpalladia.com\/wp-content\/uploads\/2025\/01\/logo-clef-verte--300x300.png 300w, https:\/\/www.hotelpalladia.com\/wp-content\/uploads\/2025\/01\/logo-clef-verte--150x150.png 150w, https:\/\/www.hotelpalladia.com\/wp-content\/uploads\/2025\/01\/logo-clef-verte--768x768.png 768w, https:\/\/www.hotelpalladia.com\/wp-content\/uploads\/2025\/01\/logo-clef-verte--1536x1536.png 1536w, https:\/\/www.hotelpalladia.com\/wp-content\/uploads\/2025\/01\/logo-clef-verte--2048x2048.png 2048w, https:\/\/www.hotelpalladia.com\/wp-content\/uploads\/2025\/01\/logo-clef-verte--12x12.png 12w\" sizes=\"(max-width: 800px) 100vw, 800px\" \/>\t\t\t\t\t\t\t\t\t\t\t\t\t\t\t<\/div>\n\t\t\t\t<\/div>\n\t\t\t\t<\/div>\n\t\t<div class=\"elementor-element elementor-element-4305464 e-con-full e-flex e-con e-child\" data-id=\"4305464\" data-element_type=\"container\" data-e-type=\"container\">\n\t\t\t\t<div class=\"elementor-element elementor-element-b306bef elementor-widget elementor-widget-text-editor\" data-id=\"b306bef\" data-element_type=\"widget\" data-e-type=\"widget\" data-widget_type=\"text-editor.default\">\n\t\t\t\t<div class=\"elementor-widget-container\">\n\t\t\t\t\t\t\t\t\t<p>Nous accordons une place centrale au respect de l\u2019environnement. Pour nous, pour vous et pour les g\u00e9n\u00e9rations futures, nous mettons tout en \u0153uvre afin de minimiser l\u2019impact de notre activit\u00e9 sur la faune et la flore qui nous entourent. L\u2019avenir de la plan\u00e8te et l\u2019environnement dans lequel vivront nos enfants est un sujet qui nous concerne tous. Des gestes simples quotidiens peuvent faire la diff\u00e9rence.<\/p><p>Afin de concr\u00e9tiser notre engagement et de nous inscrire dans une d\u00e9marche d\u2019am\u00e9lioration continue, notre \u00e9tablissement est\u00a0 lab\u00e9lis\u00e9 Clef verte pour l&rsquo;ann\u00e9e 2026. Ce label Clef Verte distingue les h\u00e9bergements touristiques et les restaurants engag\u00e9s dans une d\u00e9marche environnementale volontaire, performante et dynamique. Le label est attribu\u00e9 annuellement par un jury ind\u00e9pendant constitu\u00e9 d\u2019experts et de professionnels du tourisme et de l\u2019environnement. Il est en constante \u00e9volution.<\/p><p><strong>Ensemble prot\u00e9geons la vie, prot\u00e9geons la Terre.<\/strong><\/p>\t\t\t\t\t\t\t\t<\/div>\n\t\t\t\t<\/div>\n\t\t\t\t<\/div>\n\t\t\t\t\t<\/div>\n\t\t\t\t<\/div>\n\t\t<div class=\"elementor-element elementor-element-73be51d e-con-full e-flex e-con e-parent\" data-id=\"73be51d\" data-element_type=\"container\" data-e-type=\"container\" data-settings=\"{&quot;background_background&quot;:&quot;slideshow&quot;,&quot;background_slideshow_gallery&quot;:[{&quot;id&quot;:2364,&quot;url&quot;:&quot;https:\\\/\\\/www.hotelpalladia.com\\\/wp-content\\\/uploads\\\/2024\\\/05\\\/clef-verte-engagement.jpg&quot;}],&quot;background_slideshow_loop&quot;:&quot;yes&quot;,&quot;background_slideshow_slide_duration&quot;:5000,&quot;background_slideshow_slide_transition&quot;:&quot;fade&quot;,&quot;background_slideshow_transition_duration&quot;:500}\">\n\t\t\t\t<div class=\"elementor-element elementor-element-6d9e2c1 elementor-align-center elementor-widget elementor-widget-button\" data-id=\"6d9e2c1\" data-element_type=\"widget\" data-e-type=\"widget\" data-widget_type=\"button.default\">\n\t\t\t\t<div class=\"elementor-widget-container\">\n\t\t\t\t\t\t\t\t\t<div class=\"elementor-button-wrapper\">\n\t\t\t\t\t<a class=\"elementor-button elementor-button-link elementor-size-md\" href=\"https:\/\/www.hotelpalladia.com\/wp-content\/uploads\/2025\/03\/POLITIQUE-ENVIRONEMENTALE-CLEF-VERTE-2025.pdf\" target=\"_blank\">\n\t\t\t\t\t\t<span class=\"elementor-button-content-wrapper\">\n\t\t\t\t\t\t\t\t\t<span class=\"elementor-button-text\">Charte environnementale <\/span>\n\t\t\t\t\t<\/span>\n\t\t\t\t\t<\/a>\n\t\t\t\t<\/div>\n\t\t\t\t\t\t\t\t<\/div>\n\t\t\t\t<\/div>\n\t\t\t\t<div class=\"elementor-element elementor-element-1e38ff4 elementor-align-center elementor-widget elementor-widget-button\" data-id=\"1e38ff4\" data-element_type=\"widget\" data-e-type=\"widget\" data-widget_type=\"button.default\">\n\t\t\t\t<div class=\"elementor-widget-container\">\n\t\t\t\t\t\t\t\t\t<div class=\"elementor-button-wrapper\">\n\t\t\t\t\t<a class=\"elementor-button elementor-button-link elementor-size-md\" href=\"https:\/\/www.hotelpalladia.com\/wp-content\/uploads\/2024\/05\/ecogestes.jpg\" target=\"_blank\">\n\t\t\t\t\t\t<span class=\"elementor-button-content-wrapper\">\n\t\t\t\t\t\t\t\t\t<span class=\"elementor-button-text\">\u00e9cogestes<\/span>\n\t\t\t\t\t<\/span>\n\t\t\t\t\t<\/a>\n\t\t\t\t<\/div>\n\t\t\t\t\t\t\t\t<\/div>\n\t\t\t\t<\/div>\n\t\t\t\t<\/div>\n\t\t\t\t<\/div>\n\t\t","protected":false},"excerpt":{"rendered":"<p>Regale elegancia y refinamiento con nuestros cofres regalo Palladia. Gastronom\u00eda, bienestar y lujo se unen para ofrecer momentos inolvidables.<\/p>","protected":false},"author":1,"featured_media":0,"parent":0,"menu_order":0,"comment_status":"closed","ping_status":"closed","template":"","meta":{"footnotes":""},"class_list":["post-2360","page","type-page","status-publish","hentry"],"yoast_head":"<!-- This site is optimized with the Yoast SEO plugin v27.4 - https:\/\/yoast.com\/product\/yoast-seo-wordpress\/ -->\n<title>H\u00f4tel Palladia - Engagement Clef Verte | \u00c9co-Responsabilit\u00e9<\/title>\n<meta name=\"description\" content=\"L&#039;engagement Clef Verte de l&#039;H\u00f4tel Palladia \u00e0 Toulouse. Des pratiques \u00e9co-responsables pour un s\u00e9jour respectueux de l&#039;environnement.\" \/>\n<meta name=\"robots\" content=\"index, follow, max-snippet:-1, max-image-preview:large, max-video-preview:-1\" \/>\n<link rel=\"canonical\" href=\"https:\/\/www.hotelpalladia.com\/es\/engagements\/\" \/>\n<meta property=\"og:locale\" content=\"es_ES\" \/>\n<meta property=\"og:type\" content=\"article\" \/>\n<meta property=\"og:title\" content=\"H\u00f4tel Palladia - Engagement Clef Verte | \u00c9co-Responsabilit\u00e9\" \/>\n<meta property=\"og:description\" content=\"L&#039;engagement Clef Verte de l&#039;H\u00f4tel Palladia \u00e0 Toulouse. Des pratiques \u00e9co-responsables pour un s\u00e9jour respectueux de l&#039;environnement.\" \/>\n<meta property=\"og:url\" content=\"https:\/\/www.hotelpalladia.com\/es\/engagements\/\" \/>\n<meta property=\"og:site_name\" content=\"H\u00f4tel Palladia\" \/>\n<meta property=\"article:publisher\" content=\"https:\/\/www.facebook.com\/hotelpalladia\/\" \/>\n<meta property=\"article:modified_time\" content=\"2026-03-13T10:09:32+00:00\" \/>\n<meta property=\"og:image\" content=\"https:\/\/www.hotelpalladia.com\/wp-content\/uploads\/2025\/01\/logo-clef-verte-.png\" \/>\n\t<meta property=\"og:image:width\" content=\"2560\" \/>\n\t<meta property=\"og:image:height\" content=\"2560\" \/>\n\t<meta property=\"og:image:type\" content=\"image\/png\" \/>\n<meta name=\"twitter:card\" content=\"summary_large_image\" \/>\n<meta name=\"twitter:label1\" content=\"Tiempo de lectura\" \/>\n\t<meta name=\"twitter:data1\" content=\"1 minuto\" \/>\n<script type=\"application\/ld+json\" class=\"yoast-schema-graph\">{\"@context\":\"https:\\\/\\\/schema.org\",\"@graph\":[{\"@type\":\"WebPage\",\"@id\":\"https:\\\/\\\/www.hotelpalladia.com\\\/engagements\\\/\",\"url\":\"https:\\\/\\\/www.hotelpalladia.com\\\/engagements\\\/\",\"name\":\"H\u00f4tel Palladia - Engagement Clef Verte | \u00c9co-Responsabilit\u00e9\",\"isPartOf\":{\"@id\":\"https:\\\/\\\/www.hotelpalladia.com\\\/#website\"},\"primaryImageOfPage\":{\"@id\":\"https:\\\/\\\/www.hotelpalladia.com\\\/engagements\\\/#primaryimage\"},\"image\":{\"@id\":\"https:\\\/\\\/www.hotelpalladia.com\\\/engagements\\\/#primaryimage\"},\"thumbnailUrl\":\"https:\\\/\\\/www.hotelpalladia.com\\\/wp-content\\\/uploads\\\/2025\\\/01\\\/logo-clef-verte--1024x1024.png\",\"datePublished\":\"2024-05-30T16:36:23+00:00\",\"dateModified\":\"2026-03-13T10:09:32+00:00\",\"description\":\"L'engagement Clef Verte de l'H\u00f4tel Palladia \u00e0 Toulouse. Des pratiques \u00e9co-responsables pour un s\u00e9jour respectueux de l'environnement.\",\"breadcrumb\":{\"@id\":\"https:\\\/\\\/www.hotelpalladia.com\\\/engagements\\\/#breadcrumb\"},\"inLanguage\":\"es\",\"potentialAction\":[{\"@type\":\"ReadAction\",\"target\":[\"https:\\\/\\\/www.hotelpalladia.com\\\/engagements\\\/\"]}]},{\"@type\":\"ImageObject\",\"inLanguage\":\"es\",\"@id\":\"https:\\\/\\\/www.hotelpalladia.com\\\/engagements\\\/#primaryimage\",\"url\":\"https:\\\/\\\/www.hotelpalladia.com\\\/wp-content\\\/uploads\\\/2025\\\/01\\\/logo-clef-verte--1024x1024.png\",\"contentUrl\":\"https:\\\/\\\/www.hotelpalladia.com\\\/wp-content\\\/uploads\\\/2025\\\/01\\\/logo-clef-verte--1024x1024.png\"},{\"@type\":\"BreadcrumbList\",\"@id\":\"https:\\\/\\\/www.hotelpalladia.com\\\/engagements\\\/#breadcrumb\",\"itemListElement\":[{\"@type\":\"ListItem\",\"position\":1,\"name\":\"Accueil\",\"item\":\"https:\\\/\\\/www.hotelpalladia.com\\\/\"},{\"@type\":\"ListItem\",\"position\":2,\"name\":\"Engagements\"}]},{\"@type\":\"WebSite\",\"@id\":\"https:\\\/\\\/www.hotelpalladia.com\\\/#website\",\"url\":\"https:\\\/\\\/www.hotelpalladia.com\\\/\",\"name\":\"H\u00f4tel Palladia\",\"description\":\"H\u00f4tel 4 \u00e9toile Toulouse\",\"publisher\":{\"@id\":\"https:\\\/\\\/www.hotelpalladia.com\\\/#organization\"},\"potentialAction\":[{\"@type\":\"SearchAction\",\"target\":{\"@type\":\"EntryPoint\",\"urlTemplate\":\"https:\\\/\\\/www.hotelpalladia.com\\\/?s={search_term_string}\"},\"query-input\":{\"@type\":\"PropertyValueSpecification\",\"valueRequired\":true,\"valueName\":\"search_term_string\"}}],\"inLanguage\":\"es\"},{\"@type\":\"Organization\",\"@id\":\"https:\\\/\\\/www.hotelpalladia.com\\\/#organization\",\"name\":\"H\u00f4tel Palladia\",\"url\":\"https:\\\/\\\/www.hotelpalladia.com\\\/\",\"logo\":{\"@type\":\"ImageObject\",\"inLanguage\":\"es\",\"@id\":\"https:\\\/\\\/www.hotelpalladia.com\\\/#\\\/schema\\\/logo\\\/image\\\/\",\"url\":\"https:\\\/\\\/www.hotelpalladia.com\\\/wp-content\\\/uploads\\\/2024\\\/02\\\/logo-retina.png\",\"contentUrl\":\"https:\\\/\\\/www.hotelpalladia.com\\\/wp-content\\\/uploads\\\/2024\\\/02\\\/logo-retina.png\",\"width\":300,\"height\":212,\"caption\":\"H\u00f4tel Palladia\"},\"image\":{\"@id\":\"https:\\\/\\\/www.hotelpalladia.com\\\/#\\\/schema\\\/logo\\\/image\\\/\"},\"sameAs\":[\"https:\\\/\\\/www.facebook.com\\\/hotelpalladia\\\/\",\"https:\\\/\\\/www.linkedin.com\\\/in\\\/htel-palladia-b2b50b153\\\/\",\"https:\\\/\\\/www.instagram.com\\\/hotelpalladia\\\/\",\"https:\\\/\\\/www.youtube.com\\\/@Palladia31\"]}]}<\/script>\n<!-- \/ Yoast SEO plugin. -->","yoast_head_json":{"title":"H\u00f4tel Palladia - Compromiso Green Key | Eco-Responsabilidad","description":"El compromiso Green Key del H\u00f4tel Palladia de Toulouse. Pr\u00e1cticas ecorresponsables para una estancia respetuosa con el medio ambiente.","robots":{"index":"index","follow":"follow","max-snippet":"max-snippet:-1","max-image-preview":"max-image-preview:large","max-video-preview":"max-video-preview:-1"},"canonical":"https:\/\/www.hotelpalladia.com\/es\/engagements\/","og_locale":"es_ES","og_type":"article","og_title":"H\u00f4tel Palladia - Engagement Clef Verte | \u00c9co-Responsabilit\u00e9","og_description":"L'engagement Clef Verte de l'H\u00f4tel Palladia \u00e0 Toulouse. Des pratiques \u00e9co-responsables pour un s\u00e9jour respectueux de l'environnement.","og_url":"https:\/\/www.hotelpalladia.com\/es\/engagements\/","og_site_name":"H\u00f4tel Palladia","article_publisher":"https:\/\/www.facebook.com\/hotelpalladia\/","article_modified_time":"2026-03-13T10:09:32+00:00","og_image":[{"width":2560,"height":2560,"url":"https:\/\/www.hotelpalladia.com\/wp-content\/uploads\/2025\/01\/logo-clef-verte-.png","type":"image\/png"}],"twitter_card":"summary_large_image","twitter_misc":{"Tiempo de lectura":"1 minuto"},"schema":{"@context":"https:\/\/schema.org","@graph":[{"@type":"WebPage","@id":"https:\/\/www.hotelpalladia.com\/engagements\/","url":"https:\/\/www.hotelpalladia.com\/engagements\/","name":"H\u00f4tel Palladia - Compromiso Green Key | Eco-Responsabilidad","isPartOf":{"@id":"https:\/\/www.hotelpalladia.com\/#website"},"primaryImageOfPage":{"@id":"https:\/\/www.hotelpalladia.com\/engagements\/#primaryimage"},"image":{"@id":"https:\/\/www.hotelpalladia.com\/engagements\/#primaryimage"},"thumbnailUrl":"https:\/\/www.hotelpalladia.com\/wp-content\/uploads\/2025\/01\/logo-clef-verte--1024x1024.png","datePublished":"2024-05-30T16:36:23+00:00","dateModified":"2026-03-13T10:09:32+00:00","description":"El compromiso Green Key del H\u00f4tel Palladia de Toulouse. Pr\u00e1cticas ecorresponsables para una estancia respetuosa con el medio ambiente.","breadcrumb":{"@id":"https:\/\/www.hotelpalladia.com\/engagements\/#breadcrumb"},"inLanguage":"es","potentialAction":[{"@type":"ReadAction","target":["https:\/\/www.hotelpalladia.com\/engagements\/"]}]},{"@type":"ImageObject","inLanguage":"es","@id":"https:\/\/www.hotelpalladia.com\/engagements\/#primaryimage","url":"https:\/\/www.hotelpalladia.com\/wp-content\/uploads\/2025\/01\/logo-clef-verte--1024x1024.png","contentUrl":"https:\/\/www.hotelpalladia.com\/wp-content\/uploads\/2025\/01\/logo-clef-verte--1024x1024.png"},{"@type":"BreadcrumbList","@id":"https:\/\/www.hotelpalladia.com\/engagements\/#breadcrumb","itemListElement":[{"@type":"ListItem","position":1,"name":"Accueil","item":"https:\/\/www.hotelpalladia.com\/"},{"@type":"ListItem","position":2,"name":"Engagements"}]},{"@type":"WebSite","@id":"https:\/\/www.hotelpalladia.com\/#website","url":"https:\/\/www.hotelpalladia.com\/","name":"Hotel Palladia","description":"Hotel 4 estrellas Toulouse","publisher":{"@id":"https:\/\/www.hotelpalladia.com\/#organization"},"potentialAction":[{"@type":"SearchAction","target":{"@type":"EntryPoint","urlTemplate":"https:\/\/www.hotelpalladia.com\/?s={search_term_string}"},"query-input":{"@type":"PropertyValueSpecification","valueRequired":true,"valueName":"search_term_string"}}],"inLanguage":"es"},{"@type":"Organization","@id":"https:\/\/www.hotelpalladia.com\/#organization","name":"Hotel Palladia","url":"https:\/\/www.hotelpalladia.com\/","logo":{"@type":"ImageObject","inLanguage":"es","@id":"https:\/\/www.hotelpalladia.com\/#\/schema\/logo\/image\/","url":"https:\/\/www.hotelpalladia.com\/wp-content\/uploads\/2024\/02\/logo-retina.png","contentUrl":"https:\/\/www.hotelpalladia.com\/wp-content\/uploads\/2024\/02\/logo-retina.png","width":300,"height":212,"caption":"H\u00f4tel Palladia"},"image":{"@id":"https:\/\/www.hotelpalladia.com\/#\/schema\/logo\/image\/"},"sameAs":["https:\/\/www.facebook.com\/hotelpalladia\/","https:\/\/www.linkedin.com\/in\/htel-palladia-b2b50b153\/","https:\/\/www.instagram.com\/hotelpalladia\/","https:\/\/www.youtube.com\/@Palladia31"]}]}},"_links":{"self":[{"href":"https:\/\/www.hotelpalladia.com\/es\/wp-json\/wp\/v2\/pages\/2360","targetHints":{"allow":["GET"]}}],"collection":[{"href":"https:\/\/www.hotelpalladia.com\/es\/wp-json\/wp\/v2\/pages"}],"about":[{"href":"https:\/\/www.hotelpalladia.com\/es\/wp-json\/wp\/v2\/types\/page"}],"author":[{"embeddable":true,"href":"https:\/\/www.hotelpalladia.com\/es\/wp-json\/wp\/v2\/users\/1"}],"replies":[{"embeddable":true,"href":"https:\/\/www.hotelpalladia.com\/es\/wp-json\/wp\/v2\/comments?post=2360"}],"version-history":[{"count":15,"href":"https:\/\/www.hotelpalladia.com\/es\/wp-json\/wp\/v2\/pages\/2360\/revisions"}],"predecessor-version":[{"id":4509,"href":"https:\/\/www.hotelpalladia.com\/es\/wp-json\/wp\/v2\/pages\/2360\/revisions\/4509"}],"wp:attachment":[{"href":"https:\/\/www.hotelpalladia.com\/es\/wp-json\/wp\/v2\/media?parent=2360"}],"curies":[{"name":"wp","href":"https:\/\/api.w.org\/{rel}","templated":true}]}}