{"id":238,"date":"2024-02-27T14:34:02","date_gmt":"2024-02-27T14:34:02","guid":{"rendered":"https:\/\/www.hotelpalladia.com\/?page_id=238"},"modified":"2025-07-18T15:34:11","modified_gmt":"2025-07-18T15:34:11","slug":"devis","status":"publish","type":"page","link":"https:\/\/www.hotelpalladia.com\/es\/devis\/","title":{"rendered":"Cita"},"content":{"rendered":"\t\t<div data-elementor-type=\"wp-page\" data-elementor-id=\"238\" class=\"elementor elementor-238\" data-elementor-post-type=\"page\">\n\t\t\t\t<div class=\"elementor-element elementor-element-8ae7fc7 e-flex e-con-boxed e-con e-parent\" data-id=\"8ae7fc7\" data-element_type=\"container\" data-e-type=\"container\">\n\t\t\t\t\t<div class=\"e-con-inner\">\n\t\t<div class=\"elementor-element elementor-element-519afd6 e-flex e-con-boxed e-con e-child\" data-id=\"519afd6\" data-element_type=\"container\" data-e-type=\"container\">\n\t\t\t\t\t<div class=\"e-con-inner\">\n\t\t<div class=\"elementor-element elementor-element-3c8a0d9 e-flex e-con-boxed e-con e-child\" data-id=\"3c8a0d9\" data-element_type=\"container\" data-e-type=\"container\">\n\t\t\t\t\t<div class=\"e-con-inner\">\n\t\t\t\t<div class=\"elementor-element elementor-element-eb6c730 elementor-widget elementor-widget-heading\" data-id=\"eb6c730\" data-element_type=\"widget\" data-e-type=\"widget\" data-widget_type=\"heading.default\">\n\t\t\t\t<div class=\"elementor-widget-container\">\n\t\t\t\t\t<h1 class=\"elementor-heading-title elementor-size-default\">Demande de devis<\/h1>\t\t\t\t<\/div>\n\t\t\t\t<\/div>\n\t\t\t\t<div class=\"elementor-element elementor-element-fc08685 elementor-widget elementor-widget-heading\" data-id=\"fc08685\" data-element_type=\"widget\" data-e-type=\"widget\" data-widget_type=\"heading.default\">\n\t\t\t\t<div class=\"elementor-widget-container\">\n\t\t\t\t\t<h2 class=\"elementor-heading-title elementor-size-default\">Pour vos s\u00e9minaires, conf\u00e9rences, soir\u00e9e d'entreprise &amp; mariages<\/h2>\t\t\t\t<\/div>\n\t\t\t\t<\/div>\n\t\t\t\t<div class=\"elementor-element elementor-element-02b9a02 elementor-widget-divider--view-line elementor-widget elementor-widget-divider\" data-id=\"02b9a02\" data-element_type=\"widget\" data-e-type=\"widget\" data-widget_type=\"divider.default\">\n\t\t\t\t<div class=\"elementor-widget-container\">\n\t\t\t\t\t\t\t<div class=\"elementor-divider\">\n\t\t\t<span class=\"elementor-divider-separator\">\n\t\t\t\t\t\t<\/span>\n\t\t<\/div>\n\t\t\t\t\t\t<\/div>\n\t\t\t\t<\/div>\n\t\t\t\t\t<\/div>\n\t\t\t\t<\/div>\n\t\t\t\t\t<\/div>\n\t\t\t\t<\/div>\n\t\t\t\t\t<\/div>\n\t\t\t\t<\/div>\n\t\t<div class=\"elementor-element elementor-element-faf45d8 e-flex e-con-boxed e-con e-parent\" data-id=\"faf45d8\" data-element_type=\"container\" data-e-type=\"container\">\n\t\t\t\t\t<div class=\"e-con-inner\">\n\t\t\t\t<div class=\"elementor-element elementor-element-38757a4 elementor-button-align-start elementor-widget elementor-widget-form\" data-id=\"38757a4\" data-element_type=\"widget\" data-e-type=\"widget\" data-settings=\"{&quot;step_next_label&quot;:&quot;Suivant&quot;,&quot;step_previous_label&quot;:&quot;Pr\\u00e9c\\u00e9dent&quot;,&quot;button_width&quot;:&quot;100&quot;,&quot;step_type&quot;:&quot;number_text&quot;,&quot;step_icon_shape&quot;:&quot;circle&quot;}\" data-widget_type=\"form.default\">\n\t\t\t\t<div class=\"elementor-widget-container\">\n\t\t\t\t\t\t\t<form class=\"elementor-form\" method=\"post\" name=\"Nouveau formulaire\" aria-label=\"Nouveau formulaire\">\n\t\t\t<input type=\"hidden\" name=\"post_id\" value=\"238\"\/>\n\t\t\t<input type=\"hidden\" name=\"form_id\" value=\"38757a4\"\/>\n\t\t\t<input type=\"hidden\" name=\"referer_title\" value=\"Demande de Devis H\u00f4tel Palladia ****\" \/>\n\n\t\t\t\t\t\t\t<input type=\"hidden\" name=\"queried_id\" value=\"238\"\/>\n\t\t\t\n\t\t\t<div class=\"elementor-form-fields-wrapper elementor-labels-above\">\n\t\t\t\t\t\t\t\t<div class=\"elementor-field-type-text elementor-field-group elementor-column elementor-field-group-name elementor-col-50 elementor-field-required\">\n\t\t\t\t\t\t\t\t\t\t\t\t<label for=\"form-field-name\" class=\"elementor-field-label\">\n\t\t\t\t\t\t\t\tNom\t\t\t\t\t\t\t<\/label>\n\t\t\t\t\t\t\t\t\t\t\t\t\t\t<input size=\"1\" type=\"text\" name=\"form_fields[name]\" id=\"form-field-name\" class=\"elementor-field elementor-size-sm  elementor-field-textual\" placeholder=\"Nom\" required=\"required\">\n\t\t\t\t\t\t\t\t\t\t\t<\/div>\n\t\t\t\t\t\t\t\t<div class=\"elementor-field-type-text elementor-field-group elementor-column elementor-field-group-field_7243c75 elementor-col-50 elementor-field-required\">\n\t\t\t\t\t\t\t\t\t\t\t\t<label for=\"form-field-field_7243c75\" class=\"elementor-field-label\">\n\t\t\t\t\t\t\t\tPr\u00e9nom\t\t\t\t\t\t\t<\/label>\n\t\t\t\t\t\t\t\t\t\t\t\t\t\t<input size=\"1\" type=\"text\" name=\"form_fields[field_7243c75]\" id=\"form-field-field_7243c75\" class=\"elementor-field elementor-size-sm  elementor-field-textual\" placeholder=\"Pr\u00e9nom\" required=\"required\">\n\t\t\t\t\t\t\t\t\t\t\t<\/div>\n\t\t\t\t\t\t\t\t<div class=\"elementor-field-type-tel elementor-field-group elementor-column elementor-field-group-field_5a6acd9 elementor-col-50 elementor-field-required\">\n\t\t\t\t\t\t\t\t\t\t\t\t<label for=\"form-field-field_5a6acd9\" class=\"elementor-field-label\">\n\t\t\t\t\t\t\t\tT\u00e9l\u00e9phone\t\t\t\t\t\t\t<\/label>\n\t\t\t\t\t\t\t\t<input size=\"1\" type=\"tel\" name=\"form_fields[field_5a6acd9]\" id=\"form-field-field_5a6acd9\" class=\"elementor-field elementor-size-sm  elementor-field-textual\" placeholder=\"T\u00e9l\u00e9phone\" required=\"required\" pattern=\"[0-9()#&amp;+*-=.]+\" title=\"Seuls les caract\u00e8res de num\u00e9ros de t\u00e9l\u00e9phone (#, -, *, etc.) sont accept\u00e9s.\">\n\n\t\t\t\t\t\t<\/div>\n\t\t\t\t\t\t\t\t<div class=\"elementor-field-type-email elementor-field-group elementor-column elementor-field-group-field_45755e1 elementor-col-50 elementor-field-required\">\n\t\t\t\t\t\t\t\t\t\t\t\t<label for=\"form-field-field_45755e1\" class=\"elementor-field-label\">\n\t\t\t\t\t\t\t\tE-mail\t\t\t\t\t\t\t<\/label>\n\t\t\t\t\t\t\t\t\t\t\t\t\t\t<input size=\"1\" type=\"email\" name=\"form_fields[field_45755e1]\" id=\"form-field-field_45755e1\" class=\"elementor-field elementor-size-sm  elementor-field-textual\" placeholder=\"E-mail\" required=\"required\">\n\t\t\t\t\t\t\t\t\t\t\t<\/div>\n\t\t\t\t\t\t\t\t<div class=\"elementor-field-type-text\">\n\t\t\t\t\t<input size=\"1\" type=\"text\" name=\"form_fields[field_af98682]\" id=\"form-field-field_af98682\" class=\"elementor-field elementor-size-sm \" style=\"display:none !important;\">\t\t\t\t<\/div>\n\t\t\t\t\t\t\t\t<div class=\"elementor-field-type-text elementor-field-group elementor-column elementor-field-group-field_94c4140 elementor-col-50 elementor-field-required\">\n\t\t\t\t\t\t\t\t\t\t\t\t<label for=\"form-field-field_94c4140\" class=\"elementor-field-label\">\n\t\t\t\t\t\t\t\tEntreprise\t\t\t\t\t\t\t<\/label>\n\t\t\t\t\t\t\t\t\t\t\t\t\t\t<input size=\"1\" type=\"text\" name=\"form_fields[field_94c4140]\" id=\"form-field-field_94c4140\" class=\"elementor-field elementor-size-sm  elementor-field-textual\" placeholder=\"Nom de votre entreprise\" required=\"required\">\n\t\t\t\t\t\t\t\t\t\t\t<\/div>\n\t\t\t\t\t\t\t\t<div class=\"elementor-field-type-text elementor-field-group elementor-column elementor-field-group-field_cc8f964 elementor-col-50 elementor-field-required\">\n\t\t\t\t\t\t\t\t\t\t\t\t<label for=\"form-field-field_cc8f964\" class=\"elementor-field-label\">\n\t\t\t\t\t\t\t\tBudget de l'\u00e9v\u00e9nement\t\t\t\t\t\t\t<\/label>\n\t\t\t\t\t\t\t\t\t\t\t\t\t\t<input size=\"1\" type=\"text\" name=\"form_fields[field_cc8f964]\" id=\"form-field-field_cc8f964\" class=\"elementor-field elementor-size-sm  elementor-field-textual\" placeholder=\"Quel est votre budget approximatif ?\" required=\"required\">\n\t\t\t\t\t\t\t\t\t\t\t<\/div>\n\t\t\t\t\t\t\t\t<div class=\"elementor-field-type-date elementor-field-group elementor-column elementor-field-group-field_a294653 elementor-col-50 elementor-field-required\">\n\t\t\t\t\t\t\t\t\t\t\t\t<label for=\"form-field-field_a294653\" class=\"elementor-field-label\">\n\t\t\t\t\t\t\t\tDate de l'\u00e9v\u00e9nement\t\t\t\t\t\t\t<\/label>\n\t\t\t\t\t\t\n\t\t<input type=\"date\" name=\"form_fields[field_a294653]\" id=\"form-field-field_a294653\" class=\"elementor-field elementor-size-sm  elementor-field-textual elementor-date-field\" placeholder=\"Date souhait\u00e9e pour votre \u00e9v\u00e9nement ?\" required=\"required\" pattern=\"[0-9]{4}-[0-9]{2}-[0-9]{2}\">\n\t\t\t\t\t\t<\/div>\n\t\t\t\t\t\t\t\t<div class=\"elementor-field-type-select elementor-field-group elementor-column elementor-field-group-field_e36b14b elementor-col-50 elementor-field-required\">\n\t\t\t\t\t\t\t\t\t\t\t\t<label for=\"form-field-field_e36b14b\" class=\"elementor-field-label\">\n\t\t\t\t\t\t\t\tDate flexible ?\t\t\t\t\t\t\t<\/label>\n\t\t\t\t\t\t\t\t<div class=\"elementor-field elementor-select-wrapper remove-before \">\n\t\t\t<div class=\"select-caret-down-wrapper\">\n\t\t\t\t<svg aria-hidden=\"true\" class=\"e-font-icon-svg e-eicon-caret-down\" viewBox=\"0 0 571.4 571.4\" xmlns=\"http:\/\/www.w3.org\/2000\/svg\"><path d=\"M571 393Q571 407 561 418L311 668Q300 679 286 679T261 668L11 418Q0 407 0 393T11 368 36 357H536Q550 357 561 368T571 393Z\"><\/path><\/svg>\t\t\t<\/div>\n\t\t\t<select name=\"form_fields[field_e36b14b]\" id=\"form-field-field_e36b14b\" class=\"elementor-field-textual elementor-size-sm\" required=\"required\">\n\t\t\t\t\t\t\t\t\t<option value=\"Oui\">Oui<\/option>\n\t\t\t\t\t\t\t\t\t<option value=\"Non\">Non<\/option>\n\t\t\t\t\t\t\t<\/select>\n\t\t<\/div>\n\t\t\t\t\t\t<\/div>\n\t\t\t\t\t\t\t\t<div class=\"elementor-field-type-textarea elementor-field-group elementor-column elementor-field-group-message elementor-col-100\">\n\t\t\t\t\t\t\t\t\t\t\t\t<label for=\"form-field-message\" class=\"elementor-field-label\">\n\t\t\t\t\t\t\t\tMessage\t\t\t\t\t\t\t<\/label>\n\t\t\t\t\t\t<textarea class=\"elementor-field-textual elementor-field  elementor-size-sm\" name=\"form_fields[message]\" id=\"form-field-message\" rows=\"4\" placeholder=\"Veuillez indiquer des informations compl\u00e9mentaires si n\u00e9cessaire\"><\/textarea>\t\t\t\t<\/div>\n\t\t\t\t\t\t\t\t<div class=\"elementor-field-type-recaptcha_v3 elementor-field-group elementor-column elementor-field-group-field_a60fb41 elementor-col-100 recaptcha_v3-bottomright\">\n\t\t\t\t\t<div class=\"elementor-field\" id=\"form-field-field_a60fb41\"><div class=\"elementor-g-recaptcha\" data-sitekey=\"6LeSrIcrAAAAAHlNoOyRFkvxgRVrc92058rg_-VX\" data-type=\"v3\" data-action=\"Form\" data-badge=\"bottomright\" data-size=\"invisible\"><\/div><\/div>\t\t\t\t<\/div>\n\t\t\t\t\t\t\t\t<div class=\"elementor-field-group elementor-column elementor-field-type-submit elementor-col-100 e-form__buttons\">\n\t\t\t\t\t<button class=\"elementor-button elementor-size-sm\" type=\"submit\">\n\t\t\t\t\t\t<span class=\"elementor-button-content-wrapper\">\n\t\t\t\t\t\t\t\t\t\t\t\t\t\t\t\t\t\t\t\t\t\t<span class=\"elementor-button-text\">Envoyer<\/span>\n\t\t\t\t\t\t\t\t\t\t\t\t\t<\/span>\n\t\t\t\t\t<\/button>\n\t\t\t\t<\/div>\n\t\t\t<\/div>\n\t\t<\/form>\n\t\t\t\t\t\t<\/div>\n\t\t\t\t<\/div>\n\t\t\t\t\t<\/div>\n\t\t\t\t<\/div>\n\t\t\t\t<\/div>\n\t\t","protected":false},"excerpt":{"rendered":"<p>Solicite un presupuesto Para sus seminarios, conferencias, fiestas de empresa y bodas<\/p>","protected":false},"author":1,"featured_media":0,"parent":0,"menu_order":0,"comment_status":"closed","ping_status":"closed","template":"","meta":{"footnotes":""},"class_list":["post-238","page","type-page","status-publish","hentry"],"yoast_head":"<!-- This site is optimized with the Yoast SEO plugin v27.6 - https:\/\/yoast.com\/product\/yoast-seo-wordpress\/ -->\n<title>Demande de Devis H\u00f4tel Palladia ****<\/title>\n<meta name=\"description\" content=\"S\u00e9minaire, soir\u00e9e entreprise, mariage ou journ\u00e9e d&#039;\u00e9tude, demandez un devis pour votre \u00e9v\u00e9nement \u00e0 l&#039;H\u00f4tel Palladia \u00e0 Toulouse.\" \/>\n<meta name=\"robots\" content=\"index, follow, max-snippet:-1, max-image-preview:large, max-video-preview:-1\" \/>\n<link rel=\"canonical\" href=\"https:\/\/www.hotelpalladia.com\/es\/devis\/\" \/>\n<meta property=\"og:locale\" content=\"es_ES\" \/>\n<meta property=\"og:type\" content=\"article\" \/>\n<meta property=\"og:title\" content=\"Demande de Devis H\u00f4tel Palladia ****\" \/>\n<meta property=\"og:description\" content=\"S\u00e9minaire, soir\u00e9e entreprise, mariage ou journ\u00e9e d&#039;\u00e9tude, demandez un devis pour votre \u00e9v\u00e9nement \u00e0 l&#039;H\u00f4tel Palladia \u00e0 Toulouse.\" \/>\n<meta property=\"og:url\" content=\"https:\/\/www.hotelpalladia.com\/es\/devis\/\" \/>\n<meta property=\"og:site_name\" content=\"H\u00f4tel Palladia\" \/>\n<meta property=\"article:publisher\" content=\"https:\/\/www.facebook.com\/hotelpalladia\/\" \/>\n<meta property=\"article:modified_time\" content=\"2025-07-18T15:34:11+00:00\" \/>\n<meta name=\"twitter:card\" content=\"summary_large_image\" \/>\n<meta name=\"twitter:label1\" content=\"Tiempo de lectura\" \/>\n\t<meta name=\"twitter:data1\" content=\"1 minuto\" \/>\n<script type=\"application\/ld+json\" class=\"yoast-schema-graph\">{\"@context\":\"https:\\\/\\\/schema.org\",\"@graph\":[{\"@type\":\"WebPage\",\"@id\":\"https:\\\/\\\/www.hotelpalladia.com\\\/devis\\\/\",\"url\":\"https:\\\/\\\/www.hotelpalladia.com\\\/devis\\\/\",\"name\":\"Demande de Devis H\u00f4tel Palladia ****\",\"isPartOf\":{\"@id\":\"https:\\\/\\\/www.hotelpalladia.com\\\/#website\"},\"datePublished\":\"2024-02-27T14:34:02+00:00\",\"dateModified\":\"2025-07-18T15:34:11+00:00\",\"description\":\"S\u00e9minaire, soir\u00e9e entreprise, mariage ou journ\u00e9e d'\u00e9tude, demandez un devis pour votre \u00e9v\u00e9nement \u00e0 l'H\u00f4tel Palladia \u00e0 Toulouse.\",\"breadcrumb\":{\"@id\":\"https:\\\/\\\/www.hotelpalladia.com\\\/devis\\\/#breadcrumb\"},\"inLanguage\":\"es\",\"potentialAction\":[{\"@type\":\"ReadAction\",\"target\":[\"https:\\\/\\\/www.hotelpalladia.com\\\/devis\\\/\"]}]},{\"@type\":\"BreadcrumbList\",\"@id\":\"https:\\\/\\\/www.hotelpalladia.com\\\/devis\\\/#breadcrumb\",\"itemListElement\":[{\"@type\":\"ListItem\",\"position\":1,\"name\":\"Accueil\",\"item\":\"https:\\\/\\\/www.hotelpalladia.com\\\/\"},{\"@type\":\"ListItem\",\"position\":2,\"name\":\"Devis\"}]},{\"@type\":\"WebSite\",\"@id\":\"https:\\\/\\\/www.hotelpalladia.com\\\/#website\",\"url\":\"https:\\\/\\\/www.hotelpalladia.com\\\/\",\"name\":\"H\u00f4tel Palladia\",\"description\":\"H\u00f4tel 4 \u00e9toile Toulouse\",\"publisher\":{\"@id\":\"https:\\\/\\\/www.hotelpalladia.com\\\/#organization\"},\"potentialAction\":[{\"@type\":\"SearchAction\",\"target\":{\"@type\":\"EntryPoint\",\"urlTemplate\":\"https:\\\/\\\/www.hotelpalladia.com\\\/?s={search_term_string}\"},\"query-input\":{\"@type\":\"PropertyValueSpecification\",\"valueRequired\":true,\"valueName\":\"search_term_string\"}}],\"inLanguage\":\"es\"},{\"@type\":\"Organization\",\"@id\":\"https:\\\/\\\/www.hotelpalladia.com\\\/#organization\",\"name\":\"H\u00f4tel Palladia\",\"url\":\"https:\\\/\\\/www.hotelpalladia.com\\\/\",\"logo\":{\"@type\":\"ImageObject\",\"inLanguage\":\"es\",\"@id\":\"https:\\\/\\\/www.hotelpalladia.com\\\/#\\\/schema\\\/logo\\\/image\\\/\",\"url\":\"https:\\\/\\\/www.hotelpalladia.com\\\/wp-content\\\/uploads\\\/2024\\\/02\\\/logo-retina.png\",\"contentUrl\":\"https:\\\/\\\/www.hotelpalladia.com\\\/wp-content\\\/uploads\\\/2024\\\/02\\\/logo-retina.png\",\"width\":300,\"height\":212,\"caption\":\"H\u00f4tel Palladia\"},\"image\":{\"@id\":\"https:\\\/\\\/www.hotelpalladia.com\\\/#\\\/schema\\\/logo\\\/image\\\/\"},\"sameAs\":[\"https:\\\/\\\/www.facebook.com\\\/hotelpalladia\\\/\",\"https:\\\/\\\/www.linkedin.com\\\/in\\\/htel-palladia-b2b50b153\\\/\",\"https:\\\/\\\/www.instagram.com\\\/hotelpalladia\\\/\",\"https:\\\/\\\/www.youtube.com\\\/@Palladia31\"]}]}<\/script>\n<!-- \/ Yoast SEO plugin. -->","yoast_head_json":{"title":"Solicitud de presupuesto Hotel Palladia ****","description":"Seminarios, veladas de empresa, bodas o jornadas de estudio, pida presupuesto para su evento en el H\u00f4tel Palladia de Toulouse.","robots":{"index":"index","follow":"follow","max-snippet":"max-snippet:-1","max-image-preview":"max-image-preview:large","max-video-preview":"max-video-preview:-1"},"canonical":"https:\/\/www.hotelpalladia.com\/es\/devis\/","og_locale":"es_ES","og_type":"article","og_title":"Demande de Devis H\u00f4tel Palladia ****","og_description":"S\u00e9minaire, soir\u00e9e entreprise, mariage ou journ\u00e9e d'\u00e9tude, demandez un devis pour votre \u00e9v\u00e9nement \u00e0 l'H\u00f4tel Palladia \u00e0 Toulouse.","og_url":"https:\/\/www.hotelpalladia.com\/es\/devis\/","og_site_name":"H\u00f4tel Palladia","article_publisher":"https:\/\/www.facebook.com\/hotelpalladia\/","article_modified_time":"2025-07-18T15:34:11+00:00","twitter_card":"summary_large_image","twitter_misc":{"Tiempo de lectura":"1 minuto"},"schema":{"@context":"https:\/\/schema.org","@graph":[{"@type":"WebPage","@id":"https:\/\/www.hotelpalladia.com\/devis\/","url":"https:\/\/www.hotelpalladia.com\/devis\/","name":"Solicitud de presupuesto Hotel Palladia ****","isPartOf":{"@id":"https:\/\/www.hotelpalladia.com\/#website"},"datePublished":"2024-02-27T14:34:02+00:00","dateModified":"2025-07-18T15:34:11+00:00","description":"Seminarios, veladas de empresa, bodas o jornadas de estudio, pida presupuesto para su evento en el H\u00f4tel Palladia de Toulouse.","breadcrumb":{"@id":"https:\/\/www.hotelpalladia.com\/devis\/#breadcrumb"},"inLanguage":"es","potentialAction":[{"@type":"ReadAction","target":["https:\/\/www.hotelpalladia.com\/devis\/"]}]},{"@type":"BreadcrumbList","@id":"https:\/\/www.hotelpalladia.com\/devis\/#breadcrumb","itemListElement":[{"@type":"ListItem","position":1,"name":"Accueil","item":"https:\/\/www.hotelpalladia.com\/"},{"@type":"ListItem","position":2,"name":"Devis"}]},{"@type":"WebSite","@id":"https:\/\/www.hotelpalladia.com\/#website","url":"https:\/\/www.hotelpalladia.com\/","name":"Hotel Palladia","description":"Hotel 4 estrellas Toulouse","publisher":{"@id":"https:\/\/www.hotelpalladia.com\/#organization"},"potentialAction":[{"@type":"SearchAction","target":{"@type":"EntryPoint","urlTemplate":"https:\/\/www.hotelpalladia.com\/?s={search_term_string}"},"query-input":{"@type":"PropertyValueSpecification","valueRequired":true,"valueName":"search_term_string"}}],"inLanguage":"es"},{"@type":"Organization","@id":"https:\/\/www.hotelpalladia.com\/#organization","name":"Hotel Palladia","url":"https:\/\/www.hotelpalladia.com\/","logo":{"@type":"ImageObject","inLanguage":"es","@id":"https:\/\/www.hotelpalladia.com\/#\/schema\/logo\/image\/","url":"https:\/\/www.hotelpalladia.com\/wp-content\/uploads\/2024\/02\/logo-retina.png","contentUrl":"https:\/\/www.hotelpalladia.com\/wp-content\/uploads\/2024\/02\/logo-retina.png","width":300,"height":212,"caption":"H\u00f4tel Palladia"},"image":{"@id":"https:\/\/www.hotelpalladia.com\/#\/schema\/logo\/image\/"},"sameAs":["https:\/\/www.facebook.com\/hotelpalladia\/","https:\/\/www.linkedin.com\/in\/htel-palladia-b2b50b153\/","https:\/\/www.instagram.com\/hotelpalladia\/","https:\/\/www.youtube.com\/@Palladia31"]}]}},"_links":{"self":[{"href":"https:\/\/www.hotelpalladia.com\/es\/wp-json\/wp\/v2\/pages\/238","targetHints":{"allow":["GET"]}}],"collection":[{"href":"https:\/\/www.hotelpalladia.com\/es\/wp-json\/wp\/v2\/pages"}],"about":[{"href":"https:\/\/www.hotelpalladia.com\/es\/wp-json\/wp\/v2\/types\/page"}],"author":[{"embeddable":true,"href":"https:\/\/www.hotelpalladia.com\/es\/wp-json\/wp\/v2\/users\/1"}],"replies":[{"embeddable":true,"href":"https:\/\/www.hotelpalladia.com\/es\/wp-json\/wp\/v2\/comments?post=238"}],"version-history":[{"count":18,"href":"https:\/\/www.hotelpalladia.com\/es\/wp-json\/wp\/v2\/pages\/238\/revisions"}],"predecessor-version":[{"id":3925,"href":"https:\/\/www.hotelpalladia.com\/es\/wp-json\/wp\/v2\/pages\/238\/revisions\/3925"}],"wp:attachment":[{"href":"https:\/\/www.hotelpalladia.com\/es\/wp-json\/wp\/v2\/media?parent=238"}],"curies":[{"name":"wp","href":"https:\/\/api.w.org\/{rel}","templated":true}]}}