{"id":341,"date":"2024-02-28T14:11:25","date_gmt":"2024-02-28T14:11:25","guid":{"rendered":"https:\/\/www.hotelpalladia.com\/?page_id=341"},"modified":"2024-04-22T10:25:48","modified_gmt":"2024-04-22T10:25:48","slug":"politique-de-confidentialite","status":"publish","type":"page","link":"https:\/\/www.hotelpalladia.com\/es\/politique-de-confidentialite\/","title":{"rendered":"Pol\u00edtica de privacidad"},"content":{"rendered":"<div data-elementor-type=\"wp-page\" data-elementor-id=\"341\" class=\"elementor elementor-341\" data-elementor-post-type=\"page\">\n\t\t\t\t<div class=\"elementor-element elementor-element-e182584 e-flex e-con-boxed e-con e-parent\" data-id=\"e182584\" data-element_type=\"container\" data-e-type=\"container\">\n\t\t\t\t\t<div class=\"e-con-inner\">\n\t\t\t\t<div class=\"elementor-element elementor-element-763d9df elementor-widget elementor-widget-heading\" data-id=\"763d9df\" data-element_type=\"widget\" data-e-type=\"widget\" data-widget_type=\"heading.default\">\n\t\t\t\t<div class=\"elementor-widget-container\">\n\t\t\t\t\t<h1 class=\"elementor-heading-title elementor-size-default\">Pol\u00edtica de privacidad<\/h1>\t\t\t\t<\/div>\n\t\t\t\t<\/div>\n\t\t\t\t\t<\/div>\n\t\t\t\t<\/div>\n\t\t<div class=\"elementor-element elementor-element-778253c4 e-flex e-con-boxed e-con e-parent\" data-id=\"778253c4\" data-element_type=\"container\" data-e-type=\"container\">\n\t\t\t\t\t<div class=\"e-con-inner\">\n\t\t\t\t<div class=\"elementor-element elementor-element-856630c elementor-widget elementor-widget-text-editor\" data-id=\"856630c\" data-element_type=\"widget\" data-e-type=\"widget\" data-widget_type=\"text-editor.default\">\n\t\t\t\t<div class=\"elementor-widget-container\">\n\t\t\t\t\t\t\t\t\t<p><\/p>\n<p id=\"h-definitions\" class=\"wp-block-heading\"><strong>Definiciones<\/strong><\/p>\n<p><\/p>\n<p>El Editor: La persona f\u00edsica o jur\u00eddica que publica los servicios de comunicaci\u00f3n p\u00fablica en l\u00ednea.<br \/>El Sitio: Todos los sitios, p\u00e1ginas web y servicios en l\u00ednea ofrecidos por la Editorial.<br \/>El Usuario: La persona que utiliza el Sitio y sus servicios.<\/p>\n<p><\/p>\n<p id=\"h-1-nature-des-donnees-collectees\" class=\"wp-block-heading\"><strong>1- Naturaleza de los datos recogidos<\/strong><\/p>\n<p><\/p>\n<p><strong>Durante el uso de los Sitios, el Editor puede recopilar las siguientes categor\u00edas de datos sobre sus Usuarios<\/strong>\u00a0Estado civil, datos de identidad e identificaci\u00f3n, etc.<\/p>\n<p><\/p>\n<p id=\"h-2-communication-des-donnees-personnelles-a-des-tiers\" class=\"wp-block-heading\"><strong>2- Divulgaci\u00f3n de datos personales a terceros<\/strong><\/p>\n<p><\/p>\n<p><strong>No comunicaci\u00f3n a terceros<\/strong><br \/>Sus datos no se comunicar\u00e1n a terceros. No obstante, se le informa de que sus datos podr\u00e1n ser divulgados en aplicaci\u00f3n de una ley, reglamento o en virtud de una decisi\u00f3n de una autoridad reguladora o judicial competente.<\/p>\n<p><\/p>\n<p id=\"h-3-information-prealable-pour-la-communication-des-donnees-personnelles-a-des-tiers-en-cas-de-fusion-absorption\" class=\"wp-block-heading\"><strong>3- Notificaci\u00f3n previa de la transferencia de datos personales a terceros en caso de fusi\u00f3n o absorci\u00f3n.<\/strong><\/p>\n<p><\/p>\n<p><strong>Recogida del opt-in (consentimiento) previo a la transmisi\u00f3n de datos tras una fusi\u00f3n\/adquisici\u00f3n<\/strong><br \/>En caso de que participemos en una fusi\u00f3n, adquisici\u00f3n o cualquier otra forma de transferencia de activos, nos comprometemos a obtener su consentimiento previo para la transferencia de sus datos personales y a mantener el nivel de confidencialidad de sus datos personales que usted haya consentido.<\/p>\n<p><\/p>\n<p id=\"h-4-agregation-des-donnees\" class=\"wp-block-heading\"><strong>4- Agregaci\u00f3n de datos<\/strong><\/p>\n<p><\/p>\n<p><strong>Agregaci\u00f3n con datos no personales<\/strong><br \/>Podemos publicar, divulgar y utilizar Informaci\u00f3n Agregada (informaci\u00f3n sobre todos nuestros Usuarios o grupos o categor\u00edas espec\u00edficos de Usuarios que combinamos de modo que ya no se pueda identificar o hacer referencia a un Usuario individual) e Informaci\u00f3n No Personal para an\u00e1lisis de la industria y del mercado, elaboraci\u00f3n de perfiles demogr\u00e1ficos, fines promocionales y publicitarios y otros fines comerciales.<\/p>\n<p><\/p>\n<p><strong>Agregaci\u00f3n con datos personales disponibles en las cuentas sociales del Usuario<\/strong>.<br \/>Si conecta su cuenta a una cuenta de otro servicio con el fin de realizar env\u00edos cruzados, dicho servicio podr\u00e1 compartir la informaci\u00f3n de su perfil, sus datos de acceso y cualquier otra informaci\u00f3n que haya autorizado compartir con nosotros. Podemos agregar informaci\u00f3n sobre todos nuestros otros Usuarios, grupos y cuentas con los datos personales disponibles.<br \/>en el Usuario.<\/p>\n<p><\/p>\n<p id=\"h-5-collecte-des-donnees-d-identite\" class=\"wp-block-heading\"><strong>5- Recogida de datos de identidad<\/strong><\/p>\n<p><\/p>\n<p><strong>Consulta gratuita<\/strong><br \/>La consulta del Sitio no requiere inscripci\u00f3n previa ni identificaci\u00f3n. Puede hacerlo sin facilitar ning\u00fan dato personal sobre usted (apellidos, nombre, direcci\u00f3n, etc.). No registramos ning\u00fan dato personal por el mero hecho de consultar el Sitio.<\/p>\n<p><\/p>\n<p id=\"h-6-collecte-des-donnees-d-identification\" class=\"wp-block-heading\"><strong>6- Recogida de datos de identificaci\u00f3n<\/strong><\/p>\n<p><\/p>\n<p><strong>Uso del identificador del usuario s\u00f3lo para acceder a los servicios<\/strong><br \/>S\u00f3lo utilizamos sus identificadores electr\u00f3nicos para y durante la ejecuci\u00f3n del contrato.<\/p>\n<p><\/p>\n<p id=\"h-7-collecte-des-donnees-du-terminal\" class=\"wp-block-heading\"><strong>7- Recogida de datos del terminal<\/strong><\/p>\n<p><\/p>\n<p><strong>Recogida de perfiles y datos t\u00e9cnicos para la prestaci\u00f3n del servicio<\/strong><br \/>El Sitio recoge autom\u00e1ticamente algunos datos t\u00e9cnicos de su dispositivo. Esta informaci\u00f3n incluye, en particular, su direcci\u00f3n IP, proveedor de acceso a Internet, configuraci\u00f3n de hardware, configuraci\u00f3n de software, tipo de navegador e idioma, etc. La recopilaci\u00f3n de estos datos es necesaria para la prestaci\u00f3n de servicios.<\/p>\n<p><\/p>\n<p><strong>Recogida de datos t\u00e9cnicos con fines publicitarios, comerciales y estad\u00edsticos<\/strong><br \/>Los datos t\u00e9cnicos de su dispositivo son recogidos y registrados autom\u00e1ticamente por el Sitio con fines publicitarios, comerciales y estad\u00edsticos. Esta informaci\u00f3n nos ayuda a personalizar y mejorar continuamente su experiencia en nuestro Sitio. No recogemos ni almacenamos ning\u00fan dato personal (apellidos, nombre, direcci\u00f3n, etc.) que pueda estar asociado a los datos t\u00e9cnicos. Los datos recogidos pueden ser vendidos a terceros.<\/p>\n<p><\/p>\n<p id=\"h-8-cookies\" class=\"wp-block-heading\"><strong>8- Galletas<\/strong><\/p>\n<p><\/p>\n<p><strong>Per\u00edodo de conservaci\u00f3n de cookies<\/strong><br \/>De conformidad con las recomendaciones de la CNIL, las cookies se conservan durante un m\u00e1ximo de 13 meses desde que se colocan por primera vez en el terminal del Usuario, al igual que el periodo de validez del consentimiento del Usuario para el uso de estas cookies. La vida \u00fatil de las cookies no se prolonga con cada visita. Por lo tanto, el consentimiento del Usuario debe renovarse al final de este per\u00edodo.<\/p>\n<p><\/p>\n<p><strong>Finalidad de las cookies<\/strong><br \/>Las cookies pueden utilizarse con fines estad\u00edsticos, en particular para optimizar los servicios prestados al Usuario, mediante el tratamiento de informaci\u00f3n relativa a la frecuencia de acceso, la personalizaci\u00f3n de las p\u00e1ginas, las operaciones realizadas y la informaci\u00f3n consultada.<br \/>Se le informa de que el Editor puede colocar cookies en su terminal. La cookie registra informaci\u00f3n relativa a su navegaci\u00f3n en el servicio (las p\u00e1ginas que ha visitado, la fecha y la hora de la visita, etc.) que podremos leer en sus visitas posteriores.<\/p>\n<p><\/p>\n<p><strong>Derecho del usuario a rechazar las cookies<\/strong><br \/>Usted reconoce haber sido informado de que el Editor puede utilizar cookies. Si no desea que se utilicen cookies en su terminal, la mayor\u00eda de los navegadores le permiten desactivarlas a trav\u00e9s de las opciones de configuraci\u00f3n.<\/p>\n<p><\/p>\n<p id=\"h-9-conservation-des-donnees-techniques\" class=\"wp-block-heading\"><strong>9 - Almacenamiento de datos t\u00e9cnicos<\/strong><\/p>\n<p><\/p>\n<p><strong>Per\u00edodo de conservaci\u00f3n de los datos t\u00e9cnicos<\/strong><br \/>Los datos t\u00e9cnicos se conservan durante el tiempo estrictamente necesario para los fines arriba indicados.<\/p>\n<p><\/p>\n<p id=\"h-10-delai-de-conservation-des-donnees-personnelles-et-d-anonymisation\" class=\"wp-block-heading\"><strong>10- Per\u00edodos de conservaci\u00f3n y anonimizaci\u00f3n de datos personales<\/strong><\/p>\n<p><\/p>\n<p><strong>Conservaci\u00f3n de datos mientras dure la relaci\u00f3n contractual<\/strong><br \/>De conformidad con el art\u00edculo 6-5\u00b0 de la ley n\u00ba 78-17 de 6 de enero de 1978 relativa a la inform\u00e1tica, los archivos y las libertades, los datos de car\u00e1cter personal objeto de tratamiento no se conservan m\u00e1s all\u00e1 del tiempo necesario para cumplir las obligaciones definidas en el momento de la celebraci\u00f3n del contrato o de la duraci\u00f3n predefinida de la relaci\u00f3n contractual.<\/p>\n<p><\/p>\n<p><strong>Conservaci\u00f3n de datos anonimizados m\u00e1s all\u00e1 de la relaci\u00f3n contractual \/ tras la eliminaci\u00f3n de la cuenta<\/strong><br \/>Conservamos los datos personales durante el tiempo estrictamente necesario para los fines descritos en esta Pol\u00edtica de Privacidad. Transcurrido ese plazo, los datos se anonimizar\u00e1n y se conservar\u00e1n exclusivamente con fines estad\u00edsticos y no se utilizar\u00e1n en modo alguno.<\/p>\n<p><\/p>\n<p><strong>Eliminaci\u00f3n de datos tras el borrado de la cuenta<\/strong><br \/>Se han establecido procedimientos de depuraci\u00f3n de datos para garantizar que los datos se supriman efectivamente tan pronto como se alcance el periodo de conservaci\u00f3n o archivo necesario para cumplir los fines especificados o impuestos. De conformidad con la Ley francesa de Protecci\u00f3n de Datos n\u00ba 78-17 de 6 de enero de 1978, usted tambi\u00e9n dispone de un derecho de supresi\u00f3n de sus datos, que puede ejercer en cualquier momento poni\u00e9ndose en contacto con el Editor.<\/p>\n<p><\/p>\n<p><strong>Supresi\u00f3n de datos tras 3 a\u00f1os de inactividad<\/strong><br \/>Por razones de seguridad, si no se ha conectado al sitio durante un periodo de tres a\u00f1os, recibir\u00e1 un correo electr\u00f3nico invit\u00e1ndole a conectarse lo antes posible; de lo contrario, sus datos se eliminar\u00e1n de nuestras bases de datos.<\/p>\n<p><\/p>\n<p id=\"h-11-suppression-du-compte\" class=\"wp-block-heading\"><strong>11- Suprimir una cuenta<\/strong><\/p>\n<p><\/p>\n<p><strong>Eliminaci\u00f3n de la cuenta previa solicitud<\/strong><br \/>El Usuario puede eliminar su Cuenta en cualquier momento, mediante una simple solicitud al Editor O a trav\u00e9s del men\u00fa de eliminaci\u00f3n de la Cuenta en la configuraci\u00f3n de la Cuenta, si procede.<\/p>\n<p><\/p>\n<p><strong>Eliminaci\u00f3n de la cuenta en caso de incumplimiento de la Pol\u00edtica de Confidencialidad<\/strong><br \/>En caso de incumplimiento de una o varias de las disposiciones de la Pol\u00edtica de privacidad o de cualquier otro documento incorporado al presente documento por referencia, el Editor se reserva el derecho de rescindir o restringir, sin previo aviso y a su entera discreci\u00f3n, el uso y el acceso del usuario a los servicios, a su cuenta y a todos los Sitios.<\/p>\n<p><\/p>\n<p id=\"h-12-indications-en-cas-de-faille-de-securite-decelee-par-l-editeur\" class=\"wp-block-heading\"><strong>12- Indicaciones en caso de vulnerabilidad de seguridad detectada por el Editor<\/strong><\/p>\n<p><\/p>\n<p><strong>Informar al usuario en caso de violaci\u00f3n de la seguridad<\/strong><br \/>Nos comprometemos a aplicar todas las medidas t\u00e9cnicas y organizativas apropiadas para garantizar un nivel de seguridad adecuado a los riesgos de acceso accidental, no autorizado o ilegal, divulgaci\u00f3n, alteraci\u00f3n, p\u00e9rdida o destrucci\u00f3n de sus datos personales. En caso de que tengamos conocimiento de un acceso il\u00edcito a sus datos personales almacenados en nuestros servidores o en los de nuestros proveedores de servicios, o de un acceso no autorizado que d\u00e9 lugar a los riesgos antes se\u00f1alados, nos comprometemos a :<br \/>- Notificarle el incidente lo antes posible;<br \/>- Examinar las causas del incidente e informarle;<br \/>- Adoptar las medidas necesarias, dentro de unos l\u00edmites razonables, para paliar los efectos negativos y los da\u00f1os que puedan derivarse de dicho incidente.<\/p>\n<p><\/p>\n<p><strong>Limitaci\u00f3n de responsabilidad<\/strong><br \/>En ning\u00fan caso los compromisos expuestos en el punto anterior relativos a la notificaci\u00f3n en caso de violaci\u00f3n de la seguridad podr\u00e1n asimilarse a un reconocimiento de culpa o responsabilidad por la ocurrencia del incidente en cuesti\u00f3n.<\/p>\n<p><\/p>\n<p id=\"h-13-transfert-des-donnees-personnelles-a-l-etranger\" class=\"wp-block-heading\"><strong>13- Transferencia de datos personales al extranjero<\/strong><\/p>\n<p><\/p>\n<p><strong>Ninguna transferencia fuera de la Uni\u00f3n Europea<\/strong><br \/>El Editor se compromete a no transferir los datos personales de sus Usuarios fuera de la Uni\u00f3n Europea.<\/p>\n<p><\/p>\n<p>https:\/\/www.cnil.fr\/fr\/la-protection-des-donnees-dans-le-mondehttps:\/\/www.cnil.fr\/fr\/la-protectiondes-donnees-dans-le-monde<\/p>\n<p><\/p>\n<p id=\"h-14-modification-de-la-politique-de-confidentialite\" class=\"wp-block-heading\"><strong>14- Cambios en la pol\u00edtica de privacidad<\/strong><\/p>\n<p><\/p>\n<p><strong>En caso de modificaci\u00f3n de la presente Pol\u00edtica de Confidencialidad, el compromiso de no rebajar sustancialmente el nivel de confidencialidad sin la informaci\u00f3n previa de las personas afectadas.<\/strong><br \/>Nos comprometemos a informarle en caso de modificaci\u00f3n sustancial de la presente Pol\u00edtica de Confidencialidad, y a no reducir sustancialmente el nivel de confidencialidad de sus datos sin informarle y obtener su consentimiento.<\/p>\n<p><\/p>\n<p id=\"h-15-droit-applicable-et-modalites-de-recours\" class=\"wp-block-heading\"><strong>15- Legislaci\u00f3n aplicable y procedimientos de recurso<\/strong><\/p>\n<p><\/p>\n<p><strong>Cl\u00e1usula de arbitraje<\/strong><br \/>Usted acepta expresamente que cualquier disputa que pueda surgir como resultado de esta Pol\u00edtica de Confidencialidad, en particular su interpretaci\u00f3n o ejecuci\u00f3n, se someter\u00e1 a arbitraje sujeto a las normas de la plataforma de arbitraje elegida de mutuo acuerdo, a la que usted se adherir\u00e1 sin reservas.<\/p>\n<p><\/p>\n<p id=\"h-16-portabilite-des-donnees\" class=\"wp-block-heading\"><strong>16- Portabilidad de los datos<\/strong><\/p>\n<p><\/p>\n<p>El Editor se compromete a ofrecerle la posibilidad de que se le devuelvan todos sus datos personales si as\u00ed lo solicita. De este modo, se garantiza al Usuario un mayor control sobre sus datos y se mantiene la posibilidad de reutilizarlos. Estos datos deben facilitarse en un formato abierto y f\u00e1cilmente reutilizable.<\/p>\n<p><\/p>\t\t\t\t\t\t\t\t<\/div>\n\t\t\t\t<\/div>\n\t\t\t\t\t<\/div>\n\t\t\t\t<\/div>\n\t\t\t\t<\/div>","protected":false},"excerpt":{"rendered":"<p>El hotel de 4 estrellas Palladia respeta su privacidad. Nuestra pol\u00edtica de privacidad garantiza que su informaci\u00f3n personal est\u00e9 protegida en todo momento.<\/p>","protected":false},"author":1,"featured_media":0,"parent":0,"menu_order":0,"comment_status":"closed","ping_status":"closed","template":"","meta":{"footnotes":""},"class_list":["post-341","page","type-page","status-publish","hentry"],"yoast_head":"<!-- This site is optimized with the Yoast SEO plugin v27.4 - https:\/\/yoast.com\/product\/yoast-seo-wordpress\/ -->\n<title>Politique de confidentialit\u00e9 : H\u00f4tel Palladia<\/title>\n<meta name=\"description\" content=\"D\u00e9couvrez comment Le Palladia 4 \u00e9toiles prot\u00e8ge vos donn\u00e9es. Engagement fort pour votre confidentialit\u00e9 et s\u00e9curit\u00e9.\" \/>\n<meta name=\"robots\" content=\"index, follow, max-snippet:-1, max-image-preview:large, max-video-preview:-1\" \/>\n<link rel=\"canonical\" href=\"https:\/\/www.hotelpalladia.com\/es\/politique-de-confidentialite\/\" \/>\n<meta property=\"og:locale\" content=\"es_ES\" \/>\n<meta property=\"og:type\" content=\"article\" \/>\n<meta property=\"og:title\" content=\"Politique de confidentialit\u00e9 : H\u00f4tel Palladia\" \/>\n<meta property=\"og:description\" content=\"D\u00e9couvrez comment Le Palladia 4 \u00e9toiles prot\u00e8ge vos donn\u00e9es. Engagement fort pour votre confidentialit\u00e9 et s\u00e9curit\u00e9.\" \/>\n<meta property=\"og:url\" content=\"https:\/\/www.hotelpalladia.com\/es\/politique-de-confidentialite\/\" \/>\n<meta property=\"og:site_name\" content=\"H\u00f4tel Palladia\" \/>\n<meta property=\"article:publisher\" content=\"https:\/\/www.facebook.com\/hotelpalladia\/\" \/>\n<meta property=\"article:modified_time\" content=\"2024-04-22T10:25:48+00:00\" \/>\n<meta name=\"twitter:card\" content=\"summary_large_image\" \/>\n<meta name=\"twitter:label1\" content=\"Tiempo de lectura\" \/>\n\t<meta name=\"twitter:data1\" content=\"9 minutos\" \/>\n<script type=\"application\/ld+json\" class=\"yoast-schema-graph\">{\"@context\":\"https:\\\/\\\/schema.org\",\"@graph\":[{\"@type\":\"WebPage\",\"@id\":\"https:\\\/\\\/www.hotelpalladia.com\\\/politique-de-confidentialite\\\/\",\"url\":\"https:\\\/\\\/www.hotelpalladia.com\\\/politique-de-confidentialite\\\/\",\"name\":\"Politique de confidentialit\u00e9 : H\u00f4tel Palladia\",\"isPartOf\":{\"@id\":\"https:\\\/\\\/www.hotelpalladia.com\\\/#website\"},\"datePublished\":\"2024-02-28T14:11:25+00:00\",\"dateModified\":\"2024-04-22T10:25:48+00:00\",\"description\":\"D\u00e9couvrez comment Le Palladia 4 \u00e9toiles prot\u00e8ge vos donn\u00e9es. Engagement fort pour votre confidentialit\u00e9 et s\u00e9curit\u00e9.\",\"breadcrumb\":{\"@id\":\"https:\\\/\\\/www.hotelpalladia.com\\\/politique-de-confidentialite\\\/#breadcrumb\"},\"inLanguage\":\"es\",\"potentialAction\":[{\"@type\":\"ReadAction\",\"target\":[\"https:\\\/\\\/www.hotelpalladia.com\\\/politique-de-confidentialite\\\/\"]}]},{\"@type\":\"BreadcrumbList\",\"@id\":\"https:\\\/\\\/www.hotelpalladia.com\\\/politique-de-confidentialite\\\/#breadcrumb\",\"itemListElement\":[{\"@type\":\"ListItem\",\"position\":1,\"name\":\"Accueil\",\"item\":\"https:\\\/\\\/www.hotelpalladia.com\\\/\"},{\"@type\":\"ListItem\",\"position\":2,\"name\":\"Politique de confidentialit\u00e9\"}]},{\"@type\":\"WebSite\",\"@id\":\"https:\\\/\\\/www.hotelpalladia.com\\\/#website\",\"url\":\"https:\\\/\\\/www.hotelpalladia.com\\\/\",\"name\":\"H\u00f4tel Palladia\",\"description\":\"H\u00f4tel 4 \u00e9toile Toulouse\",\"publisher\":{\"@id\":\"https:\\\/\\\/www.hotelpalladia.com\\\/#organization\"},\"potentialAction\":[{\"@type\":\"SearchAction\",\"target\":{\"@type\":\"EntryPoint\",\"urlTemplate\":\"https:\\\/\\\/www.hotelpalladia.com\\\/?s={search_term_string}\"},\"query-input\":{\"@type\":\"PropertyValueSpecification\",\"valueRequired\":true,\"valueName\":\"search_term_string\"}}],\"inLanguage\":\"es\"},{\"@type\":\"Organization\",\"@id\":\"https:\\\/\\\/www.hotelpalladia.com\\\/#organization\",\"name\":\"H\u00f4tel Palladia\",\"url\":\"https:\\\/\\\/www.hotelpalladia.com\\\/\",\"logo\":{\"@type\":\"ImageObject\",\"inLanguage\":\"es\",\"@id\":\"https:\\\/\\\/www.hotelpalladia.com\\\/#\\\/schema\\\/logo\\\/image\\\/\",\"url\":\"https:\\\/\\\/www.hotelpalladia.com\\\/wp-content\\\/uploads\\\/2024\\\/02\\\/logo-retina.png\",\"contentUrl\":\"https:\\\/\\\/www.hotelpalladia.com\\\/wp-content\\\/uploads\\\/2024\\\/02\\\/logo-retina.png\",\"width\":300,\"height\":212,\"caption\":\"H\u00f4tel Palladia\"},\"image\":{\"@id\":\"https:\\\/\\\/www.hotelpalladia.com\\\/#\\\/schema\\\/logo\\\/image\\\/\"},\"sameAs\":[\"https:\\\/\\\/www.facebook.com\\\/hotelpalladia\\\/\",\"https:\\\/\\\/www.linkedin.com\\\/in\\\/htel-palladia-b2b50b153\\\/\",\"https:\\\/\\\/www.instagram.com\\\/hotelpalladia\\\/\",\"https:\\\/\\\/www.youtube.com\\\/@Palladia31\"]}]}<\/script>\n<!-- \/ Yoast SEO plugin. -->","yoast_head_json":{"title":"Pol\u00edtica de privacidad : H\u00f4tel Palladia","description":"Descubra c\u00f3mo Le Palladia 4 \u00e9toiles protege sus datos. Fuerte compromiso con su privacidad y seguridad.","robots":{"index":"index","follow":"follow","max-snippet":"max-snippet:-1","max-image-preview":"max-image-preview:large","max-video-preview":"max-video-preview:-1"},"canonical":"https:\/\/www.hotelpalladia.com\/es\/politique-de-confidentialite\/","og_locale":"es_ES","og_type":"article","og_title":"Politique de confidentialit\u00e9 : H\u00f4tel Palladia","og_description":"D\u00e9couvrez comment Le Palladia 4 \u00e9toiles prot\u00e8ge vos donn\u00e9es. Engagement fort pour votre confidentialit\u00e9 et s\u00e9curit\u00e9.","og_url":"https:\/\/www.hotelpalladia.com\/es\/politique-de-confidentialite\/","og_site_name":"H\u00f4tel Palladia","article_publisher":"https:\/\/www.facebook.com\/hotelpalladia\/","article_modified_time":"2024-04-22T10:25:48+00:00","twitter_card":"summary_large_image","twitter_misc":{"Tiempo de lectura":"9 minutos"},"schema":{"@context":"https:\/\/schema.org","@graph":[{"@type":"WebPage","@id":"https:\/\/www.hotelpalladia.com\/politique-de-confidentialite\/","url":"https:\/\/www.hotelpalladia.com\/politique-de-confidentialite\/","name":"Pol\u00edtica de privacidad : H\u00f4tel Palladia","isPartOf":{"@id":"https:\/\/www.hotelpalladia.com\/#website"},"datePublished":"2024-02-28T14:11:25+00:00","dateModified":"2024-04-22T10:25:48+00:00","description":"Descubra c\u00f3mo Le Palladia 4 \u00e9toiles protege sus datos. Fuerte compromiso con su privacidad y seguridad.","breadcrumb":{"@id":"https:\/\/www.hotelpalladia.com\/politique-de-confidentialite\/#breadcrumb"},"inLanguage":"es","potentialAction":[{"@type":"ReadAction","target":["https:\/\/www.hotelpalladia.com\/politique-de-confidentialite\/"]}]},{"@type":"BreadcrumbList","@id":"https:\/\/www.hotelpalladia.com\/politique-de-confidentialite\/#breadcrumb","itemListElement":[{"@type":"ListItem","position":1,"name":"Accueil","item":"https:\/\/www.hotelpalladia.com\/"},{"@type":"ListItem","position":2,"name":"Politique de confidentialit\u00e9"}]},{"@type":"WebSite","@id":"https:\/\/www.hotelpalladia.com\/#website","url":"https:\/\/www.hotelpalladia.com\/","name":"Hotel Palladia","description":"Hotel 4 estrellas Toulouse","publisher":{"@id":"https:\/\/www.hotelpalladia.com\/#organization"},"potentialAction":[{"@type":"SearchAction","target":{"@type":"EntryPoint","urlTemplate":"https:\/\/www.hotelpalladia.com\/?s={search_term_string}"},"query-input":{"@type":"PropertyValueSpecification","valueRequired":true,"valueName":"search_term_string"}}],"inLanguage":"es"},{"@type":"Organization","@id":"https:\/\/www.hotelpalladia.com\/#organization","name":"Hotel Palladia","url":"https:\/\/www.hotelpalladia.com\/","logo":{"@type":"ImageObject","inLanguage":"es","@id":"https:\/\/www.hotelpalladia.com\/#\/schema\/logo\/image\/","url":"https:\/\/www.hotelpalladia.com\/wp-content\/uploads\/2024\/02\/logo-retina.png","contentUrl":"https:\/\/www.hotelpalladia.com\/wp-content\/uploads\/2024\/02\/logo-retina.png","width":300,"height":212,"caption":"H\u00f4tel Palladia"},"image":{"@id":"https:\/\/www.hotelpalladia.com\/#\/schema\/logo\/image\/"},"sameAs":["https:\/\/www.facebook.com\/hotelpalladia\/","https:\/\/www.linkedin.com\/in\/htel-palladia-b2b50b153\/","https:\/\/www.instagram.com\/hotelpalladia\/","https:\/\/www.youtube.com\/@Palladia31"]}]}},"_links":{"self":[{"href":"https:\/\/www.hotelpalladia.com\/es\/wp-json\/wp\/v2\/pages\/341","targetHints":{"allow":["GET"]}}],"collection":[{"href":"https:\/\/www.hotelpalladia.com\/es\/wp-json\/wp\/v2\/pages"}],"about":[{"href":"https:\/\/www.hotelpalladia.com\/es\/wp-json\/wp\/v2\/types\/page"}],"author":[{"embeddable":true,"href":"https:\/\/www.hotelpalladia.com\/es\/wp-json\/wp\/v2\/users\/1"}],"replies":[{"embeddable":true,"href":"https:\/\/www.hotelpalladia.com\/es\/wp-json\/wp\/v2\/comments?post=341"}],"version-history":[{"count":0,"href":"https:\/\/www.hotelpalladia.com\/es\/wp-json\/wp\/v2\/pages\/341\/revisions"}],"wp:attachment":[{"href":"https:\/\/www.hotelpalladia.com\/es\/wp-json\/wp\/v2\/media?parent=341"}],"curies":[{"name":"wp","href":"https:\/\/api.w.org\/{rel}","templated":true}]}}